{"id":793,"date":"2022-11-09T10:15:46","date_gmt":"2022-11-09T09:15:46","guid":{"rendered":"https:\/\/webra.pl\/strony\/?page_id=793"},"modified":"2026-03-05T09:16:14","modified_gmt":"2026-03-05T08:16:14","slug":"pobierz-katalog-2","status":"publish","type":"page","link":"https:\/\/webra.pl\/strony\/pobierz-katalog-2\/","title":{"rendered":"Pobierz katalog"},"content":{"rendered":"<p>[et_pb_section fb_built=&#8221;1&#8243; _builder_version=&#8221;4.16&#8243; _module_preset=&#8221;default&#8221; background_enable_image=&#8221;off&#8221; background_size=&#8221;contain&#8221; background_position=&#8221;center_right&#8221; custom_padding=&#8221;80px||0px||false|false&#8221; global_colors_info=&#8221;{}&#8221;][et_pb_row _builder_version=&#8221;4.16&#8243; _module_preset=&#8221;default&#8221; background_image=&#8221;https:\/\/webra.pl\/strony\/wp-content\/uploads\/2022\/03\/head_pod.svg&#8221; background_size=&#8221;initial&#8221; background_position=&#8221;center_right&#8221; max_width=&#8221;1200px&#8221; custom_padding=&#8221;115px||115px||false|false&#8221; background_last_edited=&#8221;on|phone&#8221; background_enable_image_phone=&#8221;off&#8221; global_colors_info=&#8221;{}&#8221;][et_pb_column type=&#8221;4_4&#8243; _builder_version=&#8221;4.16&#8243; _module_preset=&#8221;default&#8221; global_colors_info=&#8221;{}&#8221;][et_pb_blurb title=&#8221;Pobierz katalog&#8221; content_max_width=&#8221;100%&#8221; _builder_version=&#8221;4.16&#8243; _module_preset=&#8221;default&#8221; header_font=&#8221;Montserrat|700|||||||&#8221; header_text_color=&#8221;#000000&#8243; header_font_size=&#8221;36px&#8221; body_font=&#8221;Montserrat||||||||&#8221; body_text_color=&#8221;#484848&#8243; body_font_size=&#8221;16px&#8221; module_alignment=&#8221;left&#8221; global_colors_info=&#8221;{}&#8221;][\/et_pb_blurb][\/et_pb_column][\/et_pb_row][\/et_pb_section][et_pb_section fb_built=&#8221;1&#8243; _builder_version=&#8221;4.16&#8243; _module_preset=&#8221;default&#8221; locked=&#8221;off&#8221; global_colors_info=&#8221;{}&#8221;][et_pb_row column_structure=&#8221;1_2,1_2&#8243; _builder_version=&#8221;4.16&#8243; _module_preset=&#8221;default&#8221; global_colors_info=&#8221;{}&#8221;][et_pb_column type=&#8221;1_2&#8243; _builder_version=&#8221;4.16&#8243; _module_preset=&#8221;default&#8221; global_colors_info=&#8221;{}&#8221;][et_pb_text _builder_version=&#8221;4.27.4&#8243; _module_preset=&#8221;default&#8221; text_font=&#8221;Montserrat|700|||||||&#8221; text_text_color=&#8221;#000000&#8243; text_font_size=&#8221;27px&#8221; hover_enabled=&#8221;0&#8243; global_colors_info=&#8221;{}&#8221; sticky_enabled=&#8221;0&#8243;]Portfolio 2026[\/et_pb_text][\/et_pb_column][et_pb_column type=&#8221;1_2&#8243; _builder_version=&#8221;4.16&#8243; _module_preset=&#8221;default&#8221; global_colors_info=&#8221;{}&#8221;][et_pb_button button_url=&#8221;https:\/\/webra.pl\/strony\/wp-content\/uploads\/2026\/03\/Portfolio-Webra-2026.pdf&#8221; url_new_window=&#8221;on&#8221; button_text=&#8221;Pobierz&#8221; button_alignment=&#8221;left&#8221; disabled_on=&#8221;off|off|off&#8221; _builder_version=&#8221;4.27.4&#8243; _module_preset=&#8221;default&#8221; custom_button=&#8221;on&#8221; button_text_color=&#8221;#ffffff&#8221; button_bg_color=&#8221;#0a0a0a&#8221; hover_enabled=&#8221;0&#8243; global_colors_info=&#8221;{}&#8221; sticky_enabled=&#8221;0&#8243;][\/et_pb_button][\/et_pb_column][\/et_pb_row][et_pb_row column_structure=&#8221;1_2,1_2&#8243; _builder_version=&#8221;4.16&#8243; _module_preset=&#8221;default&#8221; global_colors_info=&#8221;{}&#8221;][et_pb_column type=&#8221;1_2&#8243; _builder_version=&#8221;4.16&#8243; _module_preset=&#8221;default&#8221; global_colors_info=&#8221;{}&#8221;][et_pb_text _builder_version=&#8221;4.27.4&#8243; _module_preset=&#8221;default&#8221; text_font=&#8221;Montserrat|700|||||||&#8221; text_text_color=&#8221;#000000&#8243; text_font_size=&#8221;27px&#8221; global_colors_info=&#8221;{}&#8221;]Social Media + Google Ads[\/et_pb_text][\/et_pb_column][et_pb_column type=&#8221;1_2&#8243; _builder_version=&#8221;4.16&#8243; _module_preset=&#8221;default&#8221; global_colors_info=&#8221;{}&#8221;][et_pb_button button_url=&#8221;https:\/\/webra.pl\/strony\/wp-content\/uploads\/2026\/01\/Social_Media_i_Google_ADS_2026.pdf&#8221; url_new_window=&#8221;on&#8221; button_text=&#8221;Pobierz&#8221; button_alignment=&#8221;left&#8221; disabled_on=&#8221;off|off|off&#8221; _builder_version=&#8221;4.27.4&#8243; _module_preset=&#8221;default&#8221; custom_button=&#8221;on&#8221; button_text_color=&#8221;#ffffff&#8221; button_bg_color=&#8221;#0a0a0a&#8221; global_colors_info=&#8221;{}&#8221;][\/et_pb_button][\/et_pb_column][\/et_pb_row][et_pb_row column_structure=&#8221;1_2,1_2&#8243; _builder_version=&#8221;4.16&#8243; _module_preset=&#8221;default&#8221; global_colors_info=&#8221;{}&#8221;][et_pb_column type=&#8221;1_2&#8243; _builder_version=&#8221;4.16&#8243; _module_preset=&#8221;default&#8221; global_colors_info=&#8221;{}&#8221;][et_pb_text _builder_version=&#8221;4.27.4&#8243; _module_preset=&#8221;default&#8221; text_font=&#8221;Montserrat|700|||||||&#8221; text_text_color=&#8221;#000000&#8243; text_font_size=&#8221;27px&#8221; global_colors_info=&#8221;{}&#8221;]Gad\u017cety 2026[\/et_pb_text][\/et_pb_column][et_pb_column type=&#8221;1_2&#8243; _builder_version=&#8221;4.16&#8243; _module_preset=&#8221;default&#8221; global_colors_info=&#8221;{}&#8221;][et_pb_button button_url=&#8221;https:\/\/pub.tiphost.net\/catalogues\/LookIn_2026_PL\/index.html&#8221; url_new_window=&#8221;on&#8221; button_text=&#8221;Pobierz&#8221; button_alignment=&#8221;left&#8221; disabled_on=&#8221;off|off|off&#8221; _builder_version=&#8221;4.27.4&#8243; _module_preset=&#8221;default&#8221; custom_button=&#8221;on&#8221; button_text_color=&#8221;#ffffff&#8221; button_bg_color=&#8221;#0a0a0a&#8221; global_colors_info=&#8221;{}&#8221;][\/et_pb_button][\/et_pb_column][\/et_pb_row][et_pb_row column_structure=&#8221;1_2,1_2&#8243; disabled_on=&#8221;on|on|on&#8221; _builder_version=&#8221;4.27.4&#8243; _module_preset=&#8221;default&#8221; disabled=&#8221;on&#8221; global_colors_info=&#8221;{}&#8221;][et_pb_column type=&#8221;1_2&#8243; _builder_version=&#8221;4.16&#8243; _module_preset=&#8221;default&#8221; global_colors_info=&#8221;{}&#8221;][et_pb_text _builder_version=&#8221;4.16&#8243; _module_preset=&#8221;default&#8221; text_font=&#8221;Montserrat|700|||||||&#8221; text_text_color=&#8221;#000000&#8243; text_font_size=&#8221;27px&#8221; global_colors_info=&#8221;{}&#8221;]Nowo\u015bci gad\u017cety[\/et_pb_text][\/et_pb_column][et_pb_column type=&#8221;1_2&#8243; _builder_version=&#8221;4.16&#8243; _module_preset=&#8221;default&#8221; global_colors_info=&#8221;{}&#8221;][et_pb_button button_url=&#8221;https:\/\/pub.tiphost.net\/catalogues\/HowtowowPL\/index.html&#8221; url_new_window=&#8221;on&#8221; button_text=&#8221;Pobierz&#8221; button_alignment=&#8221;left&#8221; disabled_on=&#8221;off|off|off&#8221; _builder_version=&#8221;4.16&#8243; _module_preset=&#8221;default&#8221; custom_button=&#8221;on&#8221; button_text_color=&#8221;#ffffff&#8221; button_bg_color=&#8221;#0a0a0a&#8221; global_colors_info=&#8221;{}&#8221;][\/et_pb_button][\/et_pb_column][\/et_pb_row][\/et_pb_section]<\/p>\n","protected":false},"excerpt":{"rendered":"<p>Portfolio 2026Social Media + Google AdsGad\u017cety 2026Nowo\u015bci gad\u017cety<\/p>\n","protected":false},"author":1,"featured_media":0,"parent":0,"menu_order":0,"comment_status":"closed","ping_status":"closed","template":"","meta":{"_acf_changed":false,"_et_pb_use_builder":"on","_et_pb_old_content":"","_et_gb_content_width":"","footnotes":""},"class_list":["post-793","page","type-page","status-publish","hentry"],"acf":[],"yoast_head":"<!-- This site is optimized with the Yoast SEO plugin v26.6 - https:\/\/yoast.com\/wordpress\/plugins\/seo\/ -->\n<title>Pobierz katalog - Webra Strony<\/title>\n<meta name=\"robots\" content=\"index, follow, max-snippet:-1, max-image-preview:large, max-video-preview:-1\" \/>\n<link rel=\"canonical\" href=\"https:\/\/webra.pl\/strony\/pobierz-katalog-2\/\" \/>\n<meta property=\"og:locale\" content=\"pl_PL\" \/>\n<meta property=\"og:type\" content=\"article\" \/>\n<meta property=\"og:title\" content=\"Pobierz katalog - Webra Strony\" \/>\n<meta property=\"og:description\" content=\"Portfolio 2026Social Media + Google AdsGad\u017cety 2026Nowo\u015bci gad\u017cety\" \/>\n<meta property=\"og:url\" content=\"https:\/\/webra.pl\/strony\/pobierz-katalog-2\/\" \/>\n<meta property=\"og:site_name\" content=\"Webra Strony\" \/>\n<meta property=\"article:publisher\" content=\"https:\/\/www.facebook.com\/WebraBusinessMarketing\" \/>\n<meta property=\"article:modified_time\" content=\"2026-03-05T08:16:14+00:00\" \/>\n<meta property=\"og:image\" content=\"https:\/\/webra.pl\/strony\/wp-content\/uploads\/2025\/11\/ogp-glowna.png\" \/>\n\t<meta property=\"og:image:width\" content=\"1910\" \/>\n\t<meta property=\"og:image:height\" content=\"883\" \/>\n\t<meta property=\"og:image:type\" content=\"image\/png\" \/>\n<meta name=\"twitter:card\" content=\"summary_large_image\" \/>\n<meta name=\"twitter:label1\" content=\"Szacowany czas czytania\" \/>\n\t<meta name=\"twitter:data1\" content=\"1 minuta\" \/>\n<script type=\"application\/ld+json\" class=\"yoast-schema-graph\">{\"@context\":\"https:\/\/schema.org\",\"@graph\":[{\"@type\":\"WebPage\",\"@id\":\"https:\/\/webra.pl\/strony\/pobierz-katalog-2\/\",\"url\":\"https:\/\/webra.pl\/strony\/pobierz-katalog-2\/\",\"name\":\"Pobierz katalog - Webra Strony\",\"isPartOf\":{\"@id\":\"https:\/\/webra.pl\/strony\/#website\"},\"datePublished\":\"2022-11-09T09:15:46+00:00\",\"dateModified\":\"2026-03-05T08:16:14+00:00\",\"breadcrumb\":{\"@id\":\"https:\/\/webra.pl\/strony\/pobierz-katalog-2\/#breadcrumb\"},\"inLanguage\":\"pl-PL\",\"potentialAction\":[{\"@type\":\"ReadAction\",\"target\":[\"https:\/\/webra.pl\/strony\/pobierz-katalog-2\/\"]}]},{\"@type\":\"BreadcrumbList\",\"@id\":\"https:\/\/webra.pl\/strony\/pobierz-katalog-2\/#breadcrumb\",\"itemListElement\":[{\"@type\":\"ListItem\",\"position\":1,\"name\":\"Strona g\u0142\u00f3wna\",\"item\":\"https:\/\/webra.pl\/strony\/\"},{\"@type\":\"ListItem\",\"position\":2,\"name\":\"Pobierz katalog\"}]},{\"@type\":\"WebSite\",\"@id\":\"https:\/\/webra.pl\/strony\/#website\",\"url\":\"https:\/\/webra.pl\/strony\/\",\"name\":\"Webra Business Marketing\",\"description\":\"Us\u0142ugi marketingowe\",\"publisher\":{\"@id\":\"https:\/\/webra.pl\/strony\/#organization\"},\"alternateName\":\"Webra\",\"potentialAction\":[{\"@type\":\"SearchAction\",\"target\":{\"@type\":\"EntryPoint\",\"urlTemplate\":\"https:\/\/webra.pl\/strony\/?s={search_term_string}\"},\"query-input\":{\"@type\":\"PropertyValueSpecification\",\"valueRequired\":true,\"valueName\":\"search_term_string\"}}],\"inLanguage\":\"pl-PL\"},{\"@type\":\"Organization\",\"@id\":\"https:\/\/webra.pl\/strony\/#organization\",\"name\":\"Webra Business Marketing\",\"alternateName\":\"Logo Webra Business Marketing\",\"url\":\"https:\/\/webra.pl\/strony\/\",\"logo\":{\"@type\":\"ImageObject\",\"inLanguage\":\"pl-PL\",\"@id\":\"https:\/\/webra.pl\/strony\/#\/schema\/logo\/image\/\",\"url\":\"https:\/\/webra.pl\/strony\/wp-content\/uploads\/2025\/11\/webraFB2.png\",\"contentUrl\":\"https:\/\/webra.pl\/strony\/wp-content\/uploads\/2025\/11\/webraFB2.png\",\"width\":512,\"height\":512,\"caption\":\"Webra Business Marketing\"},\"image\":{\"@id\":\"https:\/\/webra.pl\/strony\/#\/schema\/logo\/image\/\"},\"sameAs\":[\"https:\/\/www.facebook.com\/WebraBusinessMarketing\"]}]}<\/script>\n<!-- \/ Yoast SEO plugin. -->","yoast_head_json":{"title":"Pobierz katalog - Webra Strony","robots":{"index":"index","follow":"follow","max-snippet":"max-snippet:-1","max-image-preview":"max-image-preview:large","max-video-preview":"max-video-preview:-1"},"canonical":"https:\/\/webra.pl\/strony\/pobierz-katalog-2\/","og_locale":"pl_PL","og_type":"article","og_title":"Pobierz katalog - Webra Strony","og_description":"Portfolio 2026Social Media + Google AdsGad\u017cety 2026Nowo\u015bci gad\u017cety","og_url":"https:\/\/webra.pl\/strony\/pobierz-katalog-2\/","og_site_name":"Webra Strony","article_publisher":"https:\/\/www.facebook.com\/WebraBusinessMarketing","article_modified_time":"2026-03-05T08:16:14+00:00","og_image":[{"width":1910,"height":883,"url":"https:\/\/webra.pl\/strony\/wp-content\/uploads\/2025\/11\/ogp-glowna.png","type":"image\/png"}],"twitter_card":"summary_large_image","twitter_misc":{"Szacowany czas czytania":"1 minuta"},"schema":{"@context":"https:\/\/schema.org","@graph":[{"@type":"WebPage","@id":"https:\/\/webra.pl\/strony\/pobierz-katalog-2\/","url":"https:\/\/webra.pl\/strony\/pobierz-katalog-2\/","name":"Pobierz katalog - Webra Strony","isPartOf":{"@id":"https:\/\/webra.pl\/strony\/#website"},"datePublished":"2022-11-09T09:15:46+00:00","dateModified":"2026-03-05T08:16:14+00:00","breadcrumb":{"@id":"https:\/\/webra.pl\/strony\/pobierz-katalog-2\/#breadcrumb"},"inLanguage":"pl-PL","potentialAction":[{"@type":"ReadAction","target":["https:\/\/webra.pl\/strony\/pobierz-katalog-2\/"]}]},{"@type":"BreadcrumbList","@id":"https:\/\/webra.pl\/strony\/pobierz-katalog-2\/#breadcrumb","itemListElement":[{"@type":"ListItem","position":1,"name":"Strona g\u0142\u00f3wna","item":"https:\/\/webra.pl\/strony\/"},{"@type":"ListItem","position":2,"name":"Pobierz katalog"}]},{"@type":"WebSite","@id":"https:\/\/webra.pl\/strony\/#website","url":"https:\/\/webra.pl\/strony\/","name":"Webra Business Marketing","description":"Us\u0142ugi marketingowe","publisher":{"@id":"https:\/\/webra.pl\/strony\/#organization"},"alternateName":"Webra","potentialAction":[{"@type":"SearchAction","target":{"@type":"EntryPoint","urlTemplate":"https:\/\/webra.pl\/strony\/?s={search_term_string}"},"query-input":{"@type":"PropertyValueSpecification","valueRequired":true,"valueName":"search_term_string"}}],"inLanguage":"pl-PL"},{"@type":"Organization","@id":"https:\/\/webra.pl\/strony\/#organization","name":"Webra Business Marketing","alternateName":"Logo Webra Business Marketing","url":"https:\/\/webra.pl\/strony\/","logo":{"@type":"ImageObject","inLanguage":"pl-PL","@id":"https:\/\/webra.pl\/strony\/#\/schema\/logo\/image\/","url":"https:\/\/webra.pl\/strony\/wp-content\/uploads\/2025\/11\/webraFB2.png","contentUrl":"https:\/\/webra.pl\/strony\/wp-content\/uploads\/2025\/11\/webraFB2.png","width":512,"height":512,"caption":"Webra Business Marketing"},"image":{"@id":"https:\/\/webra.pl\/strony\/#\/schema\/logo\/image\/"},"sameAs":["https:\/\/www.facebook.com\/WebraBusinessMarketing"]}]}},"_links":{"self":[{"href":"https:\/\/webra.pl\/strony\/wp-json\/wp\/v2\/pages\/793","targetHints":{"allow":["GET"]}}],"collection":[{"href":"https:\/\/webra.pl\/strony\/wp-json\/wp\/v2\/pages"}],"about":[{"href":"https:\/\/webra.pl\/strony\/wp-json\/wp\/v2\/types\/page"}],"author":[{"embeddable":true,"href":"https:\/\/webra.pl\/strony\/wp-json\/wp\/v2\/users\/1"}],"replies":[{"embeddable":true,"href":"https:\/\/webra.pl\/strony\/wp-json\/wp\/v2\/comments?post=793"}],"version-history":[{"count":23,"href":"https:\/\/webra.pl\/strony\/wp-json\/wp\/v2\/pages\/793\/revisions"}],"predecessor-version":[{"id":1996,"href":"https:\/\/webra.pl\/strony\/wp-json\/wp\/v2\/pages\/793\/revisions\/1996"}],"wp:attachment":[{"href":"https:\/\/webra.pl\/strony\/wp-json\/wp\/v2\/media?parent=793"}],"curies":[{"name":"wp","href":"https:\/\/api.w.org\/{rel}","templated":true}]}}