{"id":187,"date":"2020-11-29T13:35:40","date_gmt":"2020-11-29T12:35:40","guid":{"rendered":"https:\/\/webra.pl\/strony\/?page_id=187"},"modified":"2021-02-23T14:45:14","modified_gmt":"2021-02-23T13:45:14","slug":"oferta","status":"publish","type":"page","link":"https:\/\/webra.pl\/strony\/oferta\/","title":{"rendered":"Oferta"},"content":{"rendered":"<p>[et_pb_section fb_built=&#8221;1&#8243; _builder_version=&#8221;4.6.6&#8243; _module_preset=&#8221;default&#8221; background_color=&#8221;#Fff&#8221; background_image=&#8221;https:\/\/webra.pl\/strony\/wp-content\/uploads\/2020\/10\/footer.svg&#8221; custom_padding=&#8221;85px||86px|||&#8221;][et_pb_row _builder_version=&#8221;4.6.6&#8243; _module_preset=&#8221;default&#8221;][et_pb_column type=&#8221;4_4&#8243; _builder_version=&#8221;4.6.6&#8243; _module_preset=&#8221;default&#8221;][et_pb_text _builder_version=&#8221;4.6.6&#8243; _module_preset=&#8221;default&#8221; text_font=&#8221;Montserrat||||||||&#8221; text_text_color=&#8221;#000000&#8243; text_font_size=&#8221;21px&#8221; header_font=&#8221;Montserrat|700|||||||&#8221; header_text_color=&#8221;#000000&#8243; header_font_size=&#8221;46px&#8221;]<\/p>\n<h1>Oferta<\/h1>\n<p>W naszej ofercie znajdziesz podstawowe elementy tworz\u0105ce marketing biznesowy. Ka\u017cd\u0105 wycen\u0119 przygotowujemy indywidualnie po zapoznaniu si\u0119 ze szczeg\u00f3\u0142ami tego co chcesz osi\u0105gn\u0105\u0107.<\/p>\n<p>[\/et_pb_text][\/et_pb_column][\/et_pb_row][\/et_pb_section][et_pb_section fb_built=&#8221;1&#8243; _builder_version=&#8221;4.6.6&#8243; _module_preset=&#8221;default&#8221; background_color=&#8221;fff&#8221; background_enable_image=&#8221;off&#8221; locked=&#8221;off&#8221;][et_pb_row column_structure=&#8221;1_3,1_3,1_3&#8243; make_equal=&#8221;on&#8221; module_class=&#8221;uslugi&#8221; _builder_version=&#8221;4.6.6&#8243; _module_preset=&#8221;default&#8221;][et_pb_column type=&#8221;1_3&#8243; _builder_version=&#8221;4.6.6&#8243; _module_preset=&#8221;default&#8221;][et_pb_blurb title=&#8221;Strona www i sklep&#8221; image=&#8221;https:\/\/webra.pl\/strony\/wp-content\/uploads\/2020\/11\/Group-34.svg&#8221; _builder_version=&#8221;4.6.6&#8243; _module_preset=&#8221;default&#8221; header_font=&#8221;Montserrat|600|||||||&#8221; header_text_color=&#8221;#000000&#8243; header_font_size=&#8221;20px&#8221; body_font=&#8221;Montserrat||||||||&#8221; body_text_color=&#8221;#19273C&#8221; background_color=&#8221;#ffffff&#8221; text_orientation=&#8221;center&#8221; custom_padding=&#8221;20px|20px|20px|20px|true|true&#8221; border_radii=&#8221;on|16px|16px|16px|16px&#8221; box_shadow_style=&#8221;preset1&#8243; box_shadow_vertical=&#8221;1px&#8221; box_shadow_blur=&#8221;19px&#8221; box_shadow_color=&#8221;rgba(30,49,73,0.04)&#8221;]Tworzenie nowoczesnych stron internetowych i sklep\u00f3w online[\/et_pb_blurb][\/et_pb_column][et_pb_column type=&#8221;1_3&#8243; _builder_version=&#8221;4.6.6&#8243; _module_preset=&#8221;default&#8221;][et_pb_blurb title=&#8221;Kampania marketingowa&#8221; image=&#8221;https:\/\/webra.pl\/strony\/wp-content\/uploads\/2020\/10\/megaphone.svg&#8221; _builder_version=&#8221;4.6.6&#8243; _module_preset=&#8221;default&#8221; header_font=&#8221;Montserrat|600|||||||&#8221; header_text_color=&#8221;#000000&#8243; header_font_size=&#8221;20px&#8221; body_font=&#8221;Montserrat||||||||&#8221; body_text_color=&#8221;#19273C&#8221; background_color=&#8221;#ffffff&#8221; text_orientation=&#8221;center&#8221; custom_padding=&#8221;20px|20px|20px|20px|true|true&#8221; border_radii=&#8221;on|16px|16px|16px|16px&#8221; box_shadow_style=&#8221;preset1&#8243; box_shadow_vertical=&#8221;1px&#8221; box_shadow_blur=&#8221;19px&#8221; box_shadow_color=&#8221;rgba(30,49,73,0.04)&#8221;]Skuteczna kampania w Social Media oraz dzia\u0142ania Google Ads[\/et_pb_blurb][\/et_pb_column][et_pb_column type=&#8221;1_3&#8243; _builder_version=&#8221;4.6.6&#8243; _module_preset=&#8221;default&#8221;][et_pb_blurb title=&#8221;Druk&#8221; image=&#8221;https:\/\/webra.pl\/strony\/wp-content\/uploads\/2020\/10\/print.svg&#8221; _builder_version=&#8221;4.6.6&#8243; _module_preset=&#8221;default&#8221; header_font=&#8221;Montserrat|600|||||||&#8221; header_text_color=&#8221;#000000&#8243; header_font_size=&#8221;20px&#8221; body_font=&#8221;Montserrat||||||||&#8221; body_text_color=&#8221;#19273C&#8221; background_color=&#8221;#ffffff&#8221; text_orientation=&#8221;center&#8221; custom_padding=&#8221;20px|19px|20px|19px|true|true&#8221; border_radii=&#8221;on|16px|16px|16px|16px&#8221; box_shadow_style=&#8221;preset1&#8243; box_shadow_vertical=&#8221;1px&#8221; box_shadow_blur=&#8221;19px&#8221; box_shadow_color=&#8221;rgba(30,49,73,0.04)&#8221;]Zaprojektujemy i wydrukujemy materia\u0142y poligraficzne dla Twojej firmy[\/et_pb_blurb][\/et_pb_column][\/et_pb_row][et_pb_row column_structure=&#8221;1_3,1_3,1_3&#8243; make_equal=&#8221;on&#8221; custom_padding_last_edited=&#8221;on|phone&#8221; module_class=&#8221;uslugi&#8221; _builder_version=&#8221;4.6.6&#8243; _module_preset=&#8221;default&#8221; custom_padding_tablet=&#8221;&#8221; custom_padding_phone=&#8221;0px||||false|false&#8221;][et_pb_column type=&#8221;1_3&#8243; _builder_version=&#8221;4.6.6&#8243; _module_preset=&#8221;default&#8221;][et_pb_blurb title=&#8221;Gad\u017cety&#8221; image=&#8221;https:\/\/webra.pl\/strony\/wp-content\/uploads\/2020\/10\/cup.svg&#8221; _builder_version=&#8221;4.6.6&#8243; _module_preset=&#8221;default&#8221; header_font=&#8221;Montserrat|600|||||||&#8221; header_text_color=&#8221;#000000&#8243; header_font_size=&#8221;20px&#8221; body_font=&#8221;Montserrat||||||||&#8221; body_text_color=&#8221;#19273C&#8221; background_color=&#8221;#ffffff&#8221; text_orientation=&#8221;center&#8221; custom_padding=&#8221;29px|20px|29px|20px|true|true&#8221; border_radii=&#8221;on|16px|16px|16px|16px&#8221; box_shadow_style=&#8221;preset1&#8243; box_shadow_vertical=&#8221;1px&#8221; box_shadow_blur=&#8221;19px&#8221; box_shadow_color=&#8221;rgba(30,49,73,0.04)&#8221;]Znajdziemy i wykonamy odpowiedni gad\u017cet pod specyfikacje Twojej marki[\/et_pb_blurb][\/et_pb_column][et_pb_column type=&#8221;1_3&#8243; _builder_version=&#8221;4.6.6&#8243; _module_preset=&#8221;default&#8221;][et_pb_blurb title=&#8221;Reklama zewn\u0119trzna&#8221; image=&#8221;https:\/\/webra.pl\/strony\/wp-content\/uploads\/2020\/10\/billboard.svg&#8221; _builder_version=&#8221;4.6.6&#8243; _module_preset=&#8221;default&#8221; header_font=&#8221;Montserrat|600|||||||&#8221; header_text_color=&#8221;#000000&#8243; header_font_size=&#8221;20px&#8221; body_font=&#8221;Montserrat||||||||&#8221; body_text_color=&#8221;#19273C&#8221; background_color=&#8221;#ffffff&#8221; text_orientation=&#8221;center&#8221; custom_padding=&#8221;30px|20px|30px|20px|true|true&#8221; border_radii=&#8221;on|16px|16px|16px|16px&#8221; box_shadow_style=&#8221;preset1&#8243; box_shadow_vertical=&#8221;1px&#8221; box_shadow_blur=&#8221;19px&#8221; box_shadow_color=&#8221;rgba(30,49,73,0.04)&#8221;]Wykonanie kaseton\u00f3w, liter 3D, tablic, billboard\u00f3w, banner\u00f3w[\/et_pb_blurb][\/et_pb_column][et_pb_column type=&#8221;1_3&#8243; _builder_version=&#8221;4.6.6&#8243; _module_preset=&#8221;default&#8221;][et_pb_blurb title=&#8221;Oklejenie auta&#8221; image=&#8221;https:\/\/webra.pl\/strony\/wp-content\/uploads\/2020\/10\/car.svg&#8221; _builder_version=&#8221;4.6.6&#8243; _module_preset=&#8221;default&#8221; header_font=&#8221;Montserrat|600|||||||&#8221; header_text_color=&#8221;#000000&#8243; header_font_size=&#8221;20px&#8221; body_font=&#8221;Montserrat||||||||&#8221; body_text_color=&#8221;#19273C&#8221; background_color=&#8221;#ffffff&#8221; text_orientation=&#8221;center&#8221; width_tablet=&#8221;&#8221; width_phone=&#8221;100%&#8221; width_last_edited=&#8221;on|desktop&#8221; module_alignment=&#8221;center&#8221; custom_padding=&#8221;20px|20px|20px|20px|true|true&#8221; border_radii=&#8221;on|16px|16px|16px|16px&#8221; box_shadow_style=&#8221;preset1&#8243; box_shadow_vertical=&#8221;1px&#8221; box_shadow_blur=&#8221;19px&#8221; box_shadow_color=&#8221;rgba(30,49,73,0.04)&#8221;]<\/p>\n<p>Wykonanie reklamy na Twoim samochodzie z wykorzystaniem folii z laminatem<\/p>\n<p>[\/et_pb_blurb][\/et_pb_column][\/et_pb_row][et_pb_row column_structure=&#8221;1_3,1_3,1_3&#8243; make_equal=&#8221;on&#8221; custom_padding_last_edited=&#8221;on|phone&#8221; module_class=&#8221;uslugi&#8221; _builder_version=&#8221;4.6.6&#8243; _module_preset=&#8221;default&#8221; custom_padding_tablet=&#8221;&#8221; custom_padding_phone=&#8221;0px||||false|false&#8221;][et_pb_column type=&#8221;1_3&#8243; _builder_version=&#8221;4.6.6&#8243; _module_preset=&#8221;default&#8221;][et_pb_blurb title=&#8221;Pozycjonowanie stron internetowych&#8221; image=&#8221;https:\/\/webra.pl\/strony\/wp-content\/uploads\/2020\/11\/seo.svg&#8221; _builder_version=&#8221;4.6.6&#8243; _module_preset=&#8221;default&#8221; header_font=&#8221;Montserrat|600|||||||&#8221; header_text_color=&#8221;#000000&#8243; header_font_size=&#8221;20px&#8221; header_line_height=&#8221;1.2em&#8221; body_font=&#8221;Montserrat||||||||&#8221; body_text_color=&#8221;#19273C&#8221; background_color=&#8221;#ffffff&#8221; text_orientation=&#8221;center&#8221; custom_padding=&#8221;20px|20px|20px|20px|true|true&#8221; border_radii=&#8221;on|16px|16px|16px|16px&#8221; box_shadow_style=&#8221;preset1&#8243; box_shadow_vertical=&#8221;1px&#8221; box_shadow_blur=&#8221;19px&#8221; box_shadow_color=&#8221;rgba(30,49,73,0.04)&#8221;]<\/p>\n<p>Zwi\u0119kszenie aktywno\u015bci zasi\u0119gu Twojej strony w Internecie<\/p>\n<p>[\/et_pb_blurb][\/et_pb_column][et_pb_column type=&#8221;1_3&#8243; _builder_version=&#8221;4.6.6&#8243; _module_preset=&#8221;default&#8221;][et_pb_blurb title=&#8221;Odzie\u017c&#8221; image=&#8221;https:\/\/webra.pl\/strony\/wp-content\/uploads\/2020\/10\/surface1.svg&#8221; _builder_version=&#8221;4.6.6&#8243; _module_preset=&#8221;default&#8221; header_font=&#8221;Montserrat|600|||||||&#8221; header_text_color=&#8221;#000000&#8243; header_font_size=&#8221;20px&#8221; body_font=&#8221;Montserrat||||||||&#8221; body_text_color=&#8221;#19273C&#8221; background_color=&#8221;#ffffff&#8221; text_orientation=&#8221;center&#8221; custom_padding=&#8221;20px|20px|20px|20px|true|true&#8221; border_radii=&#8221;on|16px|16px|16px|16px&#8221; box_shadow_style=&#8221;preset1&#8243; box_shadow_vertical=&#8221;1px&#8221; box_shadow_blur=&#8221;19px&#8221; box_shadow_color=&#8221;rgba(30,49,73,0.04)&#8221;]<\/p>\n<p>Ubrania ze znakowaniem.<br \/>Koszulki, polary, czapki<\/p>\n<p>[\/et_pb_blurb][\/et_pb_column][et_pb_column type=&#8221;1_3&#8243; _builder_version=&#8221;4.6.6&#8243; _module_preset=&#8221;default&#8221;][et_pb_blurb title=&#8221;Projekty&#8221; image=&#8221;https:\/\/webra.pl\/strony\/wp-content\/uploads\/2020\/11\/vector.svg&#8221; _builder_version=&#8221;4.6.6&#8243; _module_preset=&#8221;default&#8221; header_font=&#8221;Montserrat|600|||||||&#8221; header_text_color=&#8221;#000000&#8243; header_font_size=&#8221;20px&#8221; body_font=&#8221;Montserrat||||||||&#8221; body_text_color=&#8221;#19273C&#8221; background_color=&#8221;#ffffff&#8221; text_orientation=&#8221;center&#8221; width_tablet=&#8221;&#8221; width_phone=&#8221;100%&#8221; width_last_edited=&#8221;on|desktop&#8221; module_alignment=&#8221;center&#8221; custom_padding=&#8221;20px|20px|20px|20px|true|true&#8221; border_radii=&#8221;on|16px|16px|16px|16px&#8221; box_shadow_style=&#8221;preset1&#8243; box_shadow_vertical=&#8221;1px&#8221; box_shadow_blur=&#8221;19px&#8221; box_shadow_color=&#8221;rgba(30,49,73,0.04)&#8221;]<\/p>\n<p>Kreatywne projekty naszych grafik\u00f3w<\/p>\n<p>[\/et_pb_blurb][\/et_pb_column][\/et_pb_row][\/et_pb_section][et_pb_section fb_built=&#8221;1&#8243; _builder_version=&#8221;4.6.6&#8243; _module_preset=&#8221;default&#8221;][et_pb_row _builder_version=&#8221;4.6.6&#8243; _module_preset=&#8221;default&#8221;][et_pb_column _builder_version=&#8221;4.6.6&#8243; _module_preset=&#8221;default&#8221; type=&#8221;4_4&#8243;][et_pb_text _builder_version=&#8221;4.6.6&#8243; _module_preset=&#8221;default&#8221; header_font=&#8221;Montserrat|700|||||||&#8221; header_text_color=&#8221;#000000&#8243; header_font_size=&#8221;34px&#8221; header_text_align=&#8221;center&#8221; hover_enabled=&#8221;0&#8243; sticky_enabled=&#8221;0&#8243;]<\/p>\n<h1>Prowadzenie Social Media<\/h1>\n<p>[\/et_pb_text][et_pb_pricing_tables _builder_version=&#8221;4.6.6&#8243; _module_preset=&#8221;default&#8221; hover_enabled=&#8221;0&#8243; sticky_enabled=&#8221;0&#8243;][et_pb_pricing_table title=&#8221;STARTUP&#8221; currency=&#8221;z\u0142&#8221; sum=&#8221;290&#8243; _builder_version=&#8221;4.6.6&#8243; _module_preset=&#8221;default&#8221; hover_enabled=&#8221;0&#8243; sticky_enabled=&#8221;0&#8243; header_background_color=&#8221;#0c71c3&#8243;]<\/p>\n<p>Utworzenie i konfiguracja posta<\/p>\n<p>2 posty w tygodniu<\/p>\n<p>Projekt graficzny posta<\/p>\n<p>Tekst do posta<\/p>\n<p>Strategia marketingowa<\/p>\n<p>[\/et_pb_pricing_table][et_pb_pricing_table title=&#8221;BUSINESS&#8221; currency=&#8221;z\u0142&#8221; sum=&#8221;590&#8243; _builder_version=&#8221;4.6.6&#8243; _module_preset=&#8221;default&#8221; hover_enabled=&#8221;0&#8243; sticky_enabled=&#8221;0&#8243; bullet_color=&#8221;#bcbcbc&#8221;]<\/p>\n<p>Utworzenie i konfiguracja posta<\/p>\n<p>3 posty w tygodniu<\/p>\n<p>Projekt graficzny posta<\/p>\n<p>Tekst do posta<\/p>\n<p>Strategia marketingowa<\/p>\n<p>Raporty<\/p>\n<p>Interakcje z fanami<\/p>\n<p>[\/et_pb_pricing_table][et_pb_pricing_table title=&#8221;PREMIUM&#8221; currency=&#8221;z\u0142&#8221; sum=&#8221;990&#8243; _builder_version=&#8221;4.6.6&#8243; _module_preset=&#8221;default&#8221; hover_enabled=&#8221;0&#8243; sticky_enabled=&#8221;0&#8243; header_background_color=&#8221;#d1b500&#8243; bullet_color=&#8221;#e09900&#8243;]<\/p>\n<p>Utworzenie i konfiguracja posta<\/p>\n<p>5 post\u00f3w w tygodniu<\/p>\n<p>Projekt graficzny posta<\/p>\n<p>Tekst do posta<\/p>\n<p>Strategia marketingowa<\/p>\n<p>Raporty<\/p>\n<p>Interakcje z fanami<\/p>\n<p>Posty 3D<\/p>\n<p>Filmy<\/p>\n<p>Organizacja konkurs\u00f3w<\/p>\n<p>[\/et_pb_pricing_table][\/et_pb_pricing_tables][\/et_pb_column][\/et_pb_row][\/et_pb_section][et_pb_section fb_built=&#8221;1&#8243; _builder_version=&#8221;4.6.6&#8243; _module_preset=&#8221;default&#8221;][et_pb_row _builder_version=&#8221;4.6.6&#8243; _module_preset=&#8221;default&#8221; background_image=&#8221;https:\/\/webra.pl\/strony\/wp-content\/uploads\/2020\/11\/Group-35.png&#8221; custom_padding=&#8221;103px||103px||true|&#8221;][et_pb_column type=&#8221;4_4&#8243; _builder_version=&#8221;4.6.6&#8243; _module_preset=&#8221;default&#8221;][et_pb_text _builder_version=&#8221;4.6.6&#8243; _module_preset=&#8221;default&#8221; text_font=&#8221;Montserrat|700|||||||&#8221; text_text_color=&#8221;#ffffff&#8221; text_font_size=&#8221;31px&#8221; text_font_size_tablet=&#8221;&#8221; text_font_size_phone=&#8221;22px&#8221; text_font_size_last_edited=&#8221;on|phone&#8221;]<\/p>\n<p style=\"text-align: center;\">Masz pytanie odno\u015bnie oferty reklamowej?<\/p>\n<p>[\/et_pb_text][et_pb_button button_url=&#8221;https:\/\/webra.pl\/strony\/kontakt\/&#8221; button_text=&#8221;ZADZWO\u0143&#8221; button_alignment=&#8221;center&#8221; _builder_version=&#8221;4.6.6&#8243; _module_preset=&#8221;default&#8221; custom_button=&#8221;on&#8221; button_text_size=&#8221;23px&#8221; button_text_color=&#8221;#000000&#8243; button_bg_color=&#8221;#ffffff&#8221; button_border_width=&#8221;0px&#8221; button_font=&#8221;Montserrat|700|||||||&#8221;][\/et_pb_button][\/et_pb_column][\/et_pb_row][et_pb_row column_structure=&#8221;1_2,1_2&#8243; _builder_version=&#8221;4.6.6&#8243; _module_preset=&#8221;default&#8221; custom_padding=&#8221;44px|||||&#8221;][et_pb_column type=&#8221;1_2&#8243; _builder_version=&#8221;4.6.6&#8243; _module_preset=&#8221;default&#8221;][et_pb_blurb title=&#8221;606 788 218&#8243; url=&#8221;tel:+48606788218&#8243; image=&#8221;https:\/\/webra.pl\/strony\/wp-content\/uploads\/2020\/11\/phone.svg&#8221; icon_placement=&#8221;left&#8221; content_max_width=&#8221;250px&#8221; image_max_width_tablet=&#8221;&#8221; image_max_width_phone=&#8221;89%&#8221; image_max_width_last_edited=&#8221;on|phone&#8221; _builder_version=&#8221;4.6.6&#8243; _module_preset=&#8221;default&#8221; header_font=&#8221;Montserrat|700|||||||&#8221; header_text_align=&#8221;right&#8221; header_text_color=&#8221;#000000&#8243; header_font_size=&#8221;30px&#8221; module_alignment=&#8221;left&#8221; header_font_size_tablet=&#8221;&#8221; header_font_size_phone=&#8221;18px&#8221; header_font_size_last_edited=&#8221;on|phone&#8221;][\/et_pb_blurb][\/et_pb_column][et_pb_column type=&#8221;1_2&#8243; _builder_version=&#8221;4.6.6&#8243; _module_preset=&#8221;default&#8221;][et_pb_blurb title=&#8221;jacek.wojtachnio@webra.pl&#8221; url=&#8221;mailto:jacek.wojtachnio@webra.pl&#8221; image=&#8221;https:\/\/webra.pl\/strony\/wp-content\/uploads\/2020\/11\/mail-3.svg&#8221; icon_placement=&#8221;left&#8221; content_max_width=&#8221;100%&#8221; image_max_width_tablet=&#8221;&#8221; image_max_width_phone=&#8221;97%&#8221; image_max_width_last_edited=&#8221;on|phone&#8221; _builder_version=&#8221;4.6.6&#8243; _module_preset=&#8221;default&#8221; header_font=&#8221;Montserrat|700|||||||&#8221; header_text_align=&#8221;center&#8221; header_text_color=&#8221;#000000&#8243; header_font_size=&#8221;30px&#8221; module_alignment=&#8221;left&#8221; header_font_size_tablet=&#8221;&#8221; header_font_size_phone=&#8221;17px&#8221; header_font_size_last_edited=&#8221;on|phone&#8221; border_width_all_image=&#8221;0px&#8221;][\/et_pb_blurb][\/et_pb_column][\/et_pb_row][\/et_pb_section]<\/p>\n","protected":false},"excerpt":{"rendered":"<p>Oferta W naszej ofercie znajdziesz podstawowe elementy tworz\u0105ce marketing biznesowy. Ka\u017cd\u0105 wycen\u0119 przygotowujemy indywidualnie po zapoznaniu si\u0119 ze szczeg\u00f3\u0142ami tego co chcesz osi\u0105gn\u0105\u0107.Tworzenie nowoczesnych stron internetowych i sklep\u00f3w onlineSkuteczna kampania w Social Media oraz dzia\u0142ania Google AdsZaprojektujemy i wydrukujemy materia\u0142y poligraficzne dla Twojej firmyZnajdziemy i wykonamy odpowiedni gad\u017cet pod specyfikacje Twojej markiWykonanie kaseton\u00f3w, liter 3D, [&hellip;]<\/p>\n","protected":false},"author":1,"featured_media":0,"parent":0,"menu_order":0,"comment_status":"closed","ping_status":"closed","template":"","meta":{"_acf_changed":false,"_et_pb_use_builder":"on","_et_pb_old_content":"","_et_gb_content_width":"","footnotes":""},"class_list":["post-187","page","type-page","status-publish","hentry"],"acf":[],"yoast_head":"<!-- This site is optimized with the Yoast SEO plugin v26.6 - https:\/\/yoast.com\/wordpress\/plugins\/seo\/ -->\n<title>Oferta - Webra Strony<\/title>\n<meta name=\"robots\" content=\"index, follow, max-snippet:-1, max-image-preview:large, max-video-preview:-1\" \/>\n<link rel=\"canonical\" href=\"https:\/\/webra.pl\/strony\/oferta\/\" \/>\n<meta property=\"og:locale\" content=\"pl_PL\" \/>\n<meta property=\"og:type\" content=\"article\" \/>\n<meta property=\"og:title\" content=\"Oferta - Webra Strony\" \/>\n<meta property=\"og:description\" content=\"Oferta W naszej ofercie znajdziesz podstawowe elementy tworz\u0105ce marketing biznesowy. Ka\u017cd\u0105 wycen\u0119 przygotowujemy indywidualnie po zapoznaniu si\u0119 ze szczeg\u00f3\u0142ami tego co chcesz osi\u0105gn\u0105\u0107.Tworzenie nowoczesnych stron internetowych i sklep\u00f3w onlineSkuteczna kampania w Social Media oraz dzia\u0142ania Google AdsZaprojektujemy i wydrukujemy materia\u0142y poligraficzne dla Twojej firmyZnajdziemy i wykonamy odpowiedni gad\u017cet pod specyfikacje Twojej markiWykonanie kaseton\u00f3w, liter 3D, [&hellip;]\" \/>\n<meta property=\"og:url\" content=\"https:\/\/webra.pl\/strony\/oferta\/\" \/>\n<meta property=\"og:site_name\" content=\"Webra Strony\" \/>\n<meta property=\"article:publisher\" content=\"https:\/\/www.facebook.com\/WebraBusinessMarketing\" \/>\n<meta property=\"article:modified_time\" content=\"2021-02-23T13:45:14+00:00\" \/>\n<meta property=\"og:image\" content=\"https:\/\/webra.pl\/strony\/wp-content\/uploads\/2025\/11\/ogp-glowna.png\" \/>\n\t<meta property=\"og:image:width\" content=\"1910\" \/>\n\t<meta property=\"og:image:height\" content=\"883\" \/>\n\t<meta property=\"og:image:type\" content=\"image\/png\" \/>\n<meta name=\"twitter:card\" content=\"summary_large_image\" \/>\n<meta name=\"twitter:label1\" content=\"Szacowany czas czytania\" \/>\n\t<meta name=\"twitter:data1\" content=\"9 minut\" \/>\n<script type=\"application\/ld+json\" class=\"yoast-schema-graph\">{\"@context\":\"https:\/\/schema.org\",\"@graph\":[{\"@type\":\"WebPage\",\"@id\":\"https:\/\/webra.pl\/strony\/oferta\/\",\"url\":\"https:\/\/webra.pl\/strony\/oferta\/\",\"name\":\"Oferta - Webra Strony\",\"isPartOf\":{\"@id\":\"https:\/\/webra.pl\/strony\/#website\"},\"datePublished\":\"2020-11-29T12:35:40+00:00\",\"dateModified\":\"2021-02-23T13:45:14+00:00\",\"breadcrumb\":{\"@id\":\"https:\/\/webra.pl\/strony\/oferta\/#breadcrumb\"},\"inLanguage\":\"pl-PL\",\"potentialAction\":[{\"@type\":\"ReadAction\",\"target\":[\"https:\/\/webra.pl\/strony\/oferta\/\"]}]},{\"@type\":\"BreadcrumbList\",\"@id\":\"https:\/\/webra.pl\/strony\/oferta\/#breadcrumb\",\"itemListElement\":[{\"@type\":\"ListItem\",\"position\":1,\"name\":\"Strona g\u0142\u00f3wna\",\"item\":\"https:\/\/webra.pl\/strony\/\"},{\"@type\":\"ListItem\",\"position\":2,\"name\":\"Oferta\"}]},{\"@type\":\"WebSite\",\"@id\":\"https:\/\/webra.pl\/strony\/#website\",\"url\":\"https:\/\/webra.pl\/strony\/\",\"name\":\"Webra Business Marketing\",\"description\":\"Us\u0142ugi marketingowe\",\"publisher\":{\"@id\":\"https:\/\/webra.pl\/strony\/#organization\"},\"alternateName\":\"Webra\",\"potentialAction\":[{\"@type\":\"SearchAction\",\"target\":{\"@type\":\"EntryPoint\",\"urlTemplate\":\"https:\/\/webra.pl\/strony\/?s={search_term_string}\"},\"query-input\":{\"@type\":\"PropertyValueSpecification\",\"valueRequired\":true,\"valueName\":\"search_term_string\"}}],\"inLanguage\":\"pl-PL\"},{\"@type\":\"Organization\",\"@id\":\"https:\/\/webra.pl\/strony\/#organization\",\"name\":\"Webra Business Marketing\",\"alternateName\":\"Logo Webra Business Marketing\",\"url\":\"https:\/\/webra.pl\/strony\/\",\"logo\":{\"@type\":\"ImageObject\",\"inLanguage\":\"pl-PL\",\"@id\":\"https:\/\/webra.pl\/strony\/#\/schema\/logo\/image\/\",\"url\":\"https:\/\/webra.pl\/strony\/wp-content\/uploads\/2025\/11\/webraFB2.png\",\"contentUrl\":\"https:\/\/webra.pl\/strony\/wp-content\/uploads\/2025\/11\/webraFB2.png\",\"width\":512,\"height\":512,\"caption\":\"Webra Business Marketing\"},\"image\":{\"@id\":\"https:\/\/webra.pl\/strony\/#\/schema\/logo\/image\/\"},\"sameAs\":[\"https:\/\/www.facebook.com\/WebraBusinessMarketing\"]}]}<\/script>\n<!-- \/ Yoast SEO plugin. -->","yoast_head_json":{"title":"Oferta - Webra Strony","robots":{"index":"index","follow":"follow","max-snippet":"max-snippet:-1","max-image-preview":"max-image-preview:large","max-video-preview":"max-video-preview:-1"},"canonical":"https:\/\/webra.pl\/strony\/oferta\/","og_locale":"pl_PL","og_type":"article","og_title":"Oferta - Webra Strony","og_description":"Oferta W naszej ofercie znajdziesz podstawowe elementy tworz\u0105ce marketing biznesowy. Ka\u017cd\u0105 wycen\u0119 przygotowujemy indywidualnie po zapoznaniu si\u0119 ze szczeg\u00f3\u0142ami tego co chcesz osi\u0105gn\u0105\u0107.Tworzenie nowoczesnych stron internetowych i sklep\u00f3w onlineSkuteczna kampania w Social Media oraz dzia\u0142ania Google AdsZaprojektujemy i wydrukujemy materia\u0142y poligraficzne dla Twojej firmyZnajdziemy i wykonamy odpowiedni gad\u017cet pod specyfikacje Twojej markiWykonanie kaseton\u00f3w, liter 3D, [&hellip;]","og_url":"https:\/\/webra.pl\/strony\/oferta\/","og_site_name":"Webra Strony","article_publisher":"https:\/\/www.facebook.com\/WebraBusinessMarketing","article_modified_time":"2021-02-23T13:45:14+00:00","og_image":[{"width":1910,"height":883,"url":"https:\/\/webra.pl\/strony\/wp-content\/uploads\/2025\/11\/ogp-glowna.png","type":"image\/png"}],"twitter_card":"summary_large_image","twitter_misc":{"Szacowany czas czytania":"9 minut"},"schema":{"@context":"https:\/\/schema.org","@graph":[{"@type":"WebPage","@id":"https:\/\/webra.pl\/strony\/oferta\/","url":"https:\/\/webra.pl\/strony\/oferta\/","name":"Oferta - Webra Strony","isPartOf":{"@id":"https:\/\/webra.pl\/strony\/#website"},"datePublished":"2020-11-29T12:35:40+00:00","dateModified":"2021-02-23T13:45:14+00:00","breadcrumb":{"@id":"https:\/\/webra.pl\/strony\/oferta\/#breadcrumb"},"inLanguage":"pl-PL","potentialAction":[{"@type":"ReadAction","target":["https:\/\/webra.pl\/strony\/oferta\/"]}]},{"@type":"BreadcrumbList","@id":"https:\/\/webra.pl\/strony\/oferta\/#breadcrumb","itemListElement":[{"@type":"ListItem","position":1,"name":"Strona g\u0142\u00f3wna","item":"https:\/\/webra.pl\/strony\/"},{"@type":"ListItem","position":2,"name":"Oferta"}]},{"@type":"WebSite","@id":"https:\/\/webra.pl\/strony\/#website","url":"https:\/\/webra.pl\/strony\/","name":"Webra Business Marketing","description":"Us\u0142ugi marketingowe","publisher":{"@id":"https:\/\/webra.pl\/strony\/#organization"},"alternateName":"Webra","potentialAction":[{"@type":"SearchAction","target":{"@type":"EntryPoint","urlTemplate":"https:\/\/webra.pl\/strony\/?s={search_term_string}"},"query-input":{"@type":"PropertyValueSpecification","valueRequired":true,"valueName":"search_term_string"}}],"inLanguage":"pl-PL"},{"@type":"Organization","@id":"https:\/\/webra.pl\/strony\/#organization","name":"Webra Business Marketing","alternateName":"Logo Webra Business Marketing","url":"https:\/\/webra.pl\/strony\/","logo":{"@type":"ImageObject","inLanguage":"pl-PL","@id":"https:\/\/webra.pl\/strony\/#\/schema\/logo\/image\/","url":"https:\/\/webra.pl\/strony\/wp-content\/uploads\/2025\/11\/webraFB2.png","contentUrl":"https:\/\/webra.pl\/strony\/wp-content\/uploads\/2025\/11\/webraFB2.png","width":512,"height":512,"caption":"Webra Business Marketing"},"image":{"@id":"https:\/\/webra.pl\/strony\/#\/schema\/logo\/image\/"},"sameAs":["https:\/\/www.facebook.com\/WebraBusinessMarketing"]}]}},"_links":{"self":[{"href":"https:\/\/webra.pl\/strony\/wp-json\/wp\/v2\/pages\/187","targetHints":{"allow":["GET"]}}],"collection":[{"href":"https:\/\/webra.pl\/strony\/wp-json\/wp\/v2\/pages"}],"about":[{"href":"https:\/\/webra.pl\/strony\/wp-json\/wp\/v2\/types\/page"}],"author":[{"embeddable":true,"href":"https:\/\/webra.pl\/strony\/wp-json\/wp\/v2\/users\/1"}],"replies":[{"embeddable":true,"href":"https:\/\/webra.pl\/strony\/wp-json\/wp\/v2\/comments?post=187"}],"version-history":[{"count":21,"href":"https:\/\/webra.pl\/strony\/wp-json\/wp\/v2\/pages\/187\/revisions"}],"predecessor-version":[{"id":412,"href":"https:\/\/webra.pl\/strony\/wp-json\/wp\/v2\/pages\/187\/revisions\/412"}],"wp:attachment":[{"href":"https:\/\/webra.pl\/strony\/wp-json\/wp\/v2\/media?parent=187"}],"curies":[{"name":"wp","href":"https:\/\/api.w.org\/{rel}","templated":true}]}}