{"id":752,"date":"2025-11-18T11:41:42","date_gmt":"2025-11-18T10:41:42","guid":{"rendered":"https:\/\/webra.pl\/gadzety\/?page_id=752"},"modified":"2025-11-18T11:53:59","modified_gmt":"2025-11-18T10:53:59","slug":"polityka-cookies","status":"publish","type":"page","link":"https:\/\/webra.pl\/gadzety\/polityka-cookies\/","title":{"rendered":"Polityka cookies"},"content":{"rendered":"<p>[et_pb_section fb_built=&#8221;1&#8243; _builder_version=&#8221;4.6.6&#8243; _module_preset=&#8221;default&#8221;][et_pb_row _builder_version=&#8221;4.6.6&#8243; _module_preset=&#8221;default&#8221;][et_pb_column type=&#8221;4_4&#8243; _builder_version=&#8221;4.6.6&#8243; _module_preset=&#8221;default&#8221;][et_pb_text _builder_version=&#8221;4.6.6&#8243; _module_preset=&#8221;default&#8221; hover_enabled=&#8221;0&#8243; sticky_enabled=&#8221;0&#8243;]Pliki Cookies<\/p>\n<p>1. W celu prawid\u0142owego dzia\u0142ania Strony, Us\u0142ugodawca korzysta z plik\u00f3w cookies (\u201eCookies\u201d). Cookies s\u0105 informacjami tekstowymi zapisywanymi na urz\u0105dzeniu Us\u0142ugobiorcy, kt\u00f3re mog\u0105 by\u0107 odczytywane przez system teleinformatyczny Strony lub systemy teleinformatyczne podmiot\u00f3w trzecich.<\/p>\n<p>2. Us\u0142ugodawca wykorzystuje dwa rodzaje Cookies: <\/p>\n<p>(a) sesyjne, kt\u00f3re usuwane s\u0105 trwale wraz z zako\u0144czeniem sesji przegl\u0105darki Us\u0142ugobiorcy, <\/p>\n<p>(b) trwa\u0142e, kt\u00f3re pozostaj\u0105 po zako\u0144czeniu sesji przegl\u0105darki na urz\u0105dzeniu Us\u0142ugobiorcy, a\u017c do ich skasowania.<\/p>\n<p>3. Na podstawie Cookies, zar\u00f3wno sesyjnych, jak i trwa\u0142ych, nie jest mo\u017cliwe ustalenie to\u017csamo\u015bci Us\u0142ugobiorcy ani zidentyfikowanie go w \u017caden inny spos\u00f3b. Cookies nie pozwala na pobieranie \u017cadnych danych osobowych.<\/p>\n<p>4. Pliki generowanie bezpo\u015brednio przez Us\u0142ugodawc\u0119 nie mog\u0105 by\u0107 odczytywane przez inne serwisy. Cookies zewn\u0119trzne mog\u0105 by\u0107 odczytane przez serwer zewn\u0119trzny.<\/p>\n<p>5. Us\u0142ugobiorca mo\u017ce samodzielnie zmieni\u0107 ustawienia dotycz\u0105ce Cookies w dowolnej chwili, okre\u015blaj\u0105c warunki ich przechowywania, przez ustawienia przegl\u0105darki internetowej lub konfiguracj\u0119 us\u0142ugi na Stronie. W szczeg\u00f3lno\u015bci Us\u0142ugobiorca mo\u017ce samodzielnie wy\u0142\u0105czy\u0107 zapisywanie Cookies na swoim urz\u0105dzeniu w dowolnej chwili, zgodnie z instrukcj\u0105 producenta przegl\u0105darki internetowej, lecz mo\u017ce to spowodowa\u0107 niedost\u0119pno\u015b\u0107 cz\u0119\u015bci lub ca\u0142o\u015bci funkcji Strony. Us\u0142ugobiorca mo\u017ce tak\u017ce samodzielnie usun\u0105\u0107 zapisane na swoim urz\u0105dzeniu Cookies w dowolnej chwili, zgodnie z instrukcj\u0105 producenta przegl\u0105darki internetowej.<\/p>\n<p>6. Us\u0142ugodawca wykorzystuje Cookies w nast\u0119puj\u0105cych celach: (a) utrzymywania sesji, (b) analizy i badania ogl\u0105dalno\u015bci, (c) czasu sp\u0119dzonego na Stronie, (d) cz\u0119stotliwo\u015bci odwiedzania Strony.<\/p>\n<p>7. Us\u0142ugodawca wykorzystuje Cookies zewn\u0119trzne w celu tworzenia anonimowych statystyk pozwalaj\u0105cych na optymalizowanie u\u017cyteczno\u015bci Strony za po\u015brednictwem narz\u0119dzi analitycznych.<\/p>\n<p>8. Szczeg\u00f3\u0142owe informacje o obs\u0142udze Cookies dost\u0119pne s\u0105 w ustawieniach przegl\u0105darki internetowej, z kt\u00f3rej korzysta Us\u0142ugobiorca.[\/et_pb_text][\/et_pb_column][\/et_pb_row][\/et_pb_section]<\/p>\n","protected":false},"excerpt":{"rendered":"<p>[et_pb_section fb_built=&#8221;1&#8243; _builder_version=&#8221;4.6.6&#8243; _module_preset=&#8221;default&#8221;][et_pb_row _builder_version=&#8221;4.6.6&#8243; _module_preset=&#8221;default&#8221;][et_pb_column type=&#8221;4_4&#8243; _builder_version=&#8221;4.6.6&#8243; _module_preset=&#8221;default&#8221;][et_pb_text _builder_version=&#8221;4.6.6&#8243; _module_preset=&#8221;default&#8221; hover_enabled=&#8221;0&#8243; sticky_enabled=&#8221;0&#8243;]Pliki Cookies 1. W celu prawid\u0142owego dzia\u0142ania Strony, Us\u0142ugodawca korzysta z plik\u00f3w cookies (\u201eCookies\u201d). Cookies s\u0105 informacjami tekstowymi zapisywanymi na urz\u0105dzeniu Us\u0142ugobiorcy, kt\u00f3re mog\u0105 by\u0107 odczytywane przez system teleinformatyczny Strony lub systemy teleinformatyczne podmiot\u00f3w trzecich. 2. Us\u0142ugodawca wykorzystuje dwa rodzaje Cookies: (a) sesyjne, [&hellip;]<\/p>\n","protected":false},"author":1,"featured_media":0,"parent":0,"menu_order":0,"comment_status":"closed","ping_status":"closed","template":"","meta":{"_et_pb_use_builder":"on","_et_pb_old_content":"","_et_gb_content_width":"","inline_featured_image":false,"footnotes":""},"class_list":["post-752","page","type-page","status-publish","hentry"],"yoast_head":"<!-- This site is optimized with the Yoast SEO plugin v26.3 - https:\/\/yoast.com\/wordpress\/plugins\/seo\/ -->\n<title>Polityka cookies - Webra<\/title>\n<meta name=\"robots\" content=\"index, follow, max-snippet:-1, max-image-preview:large, max-video-preview:-1\" \/>\n<link rel=\"canonical\" href=\"https:\/\/webra.pl\/gadzety\/polityka-cookies\/\" \/>\n<meta property=\"og:locale\" content=\"pl_PL\" \/>\n<meta property=\"og:type\" content=\"article\" \/>\n<meta property=\"og:title\" content=\"Polityka cookies - Webra\" \/>\n<meta property=\"og:description\" content=\"[et_pb_section fb_built=&#8221;1&#8243; _builder_version=&#8221;4.6.6&#8243; _module_preset=&#8221;default&#8221;][et_pb_row _builder_version=&#8221;4.6.6&#8243; _module_preset=&#8221;default&#8221;][et_pb_column type=&#8221;4_4&#8243; _builder_version=&#8221;4.6.6&#8243; _module_preset=&#8221;default&#8221;][et_pb_text _builder_version=&#8221;4.6.6&#8243; _module_preset=&#8221;default&#8221; hover_enabled=&#8221;0&#8243; sticky_enabled=&#8221;0&#8243;]Pliki Cookies 1. W celu prawid\u0142owego dzia\u0142ania Strony, Us\u0142ugodawca korzysta z plik\u00f3w cookies (\u201eCookies\u201d). Cookies s\u0105 informacjami tekstowymi zapisywanymi na urz\u0105dzeniu Us\u0142ugobiorcy, kt\u00f3re mog\u0105 by\u0107 odczytywane przez system teleinformatyczny Strony lub systemy teleinformatyczne podmiot\u00f3w trzecich. 2. Us\u0142ugodawca wykorzystuje dwa rodzaje Cookies: (a) sesyjne, [&hellip;]\" \/>\n<meta property=\"og:url\" content=\"https:\/\/webra.pl\/gadzety\/polityka-cookies\/\" \/>\n<meta property=\"og:site_name\" content=\"Webra\" \/>\n<meta property=\"article:modified_time\" content=\"2025-11-18T10:53:59+00:00\" \/>\n<meta name=\"twitter:card\" content=\"summary_large_image\" \/>\n<meta name=\"twitter:label1\" content=\"Szacowany czas czytania\" \/>\n\t<meta name=\"twitter:data1\" content=\"2 minuty\" \/>\n<script type=\"application\/ld+json\" class=\"yoast-schema-graph\">{\"@context\":\"https:\/\/schema.org\",\"@graph\":[{\"@type\":\"WebPage\",\"@id\":\"https:\/\/webra.pl\/gadzety\/polityka-cookies\/\",\"url\":\"https:\/\/webra.pl\/gadzety\/polityka-cookies\/\",\"name\":\"Polityka cookies - Webra\",\"isPartOf\":{\"@id\":\"https:\/\/webra.pl\/gadzety\/#website\"},\"datePublished\":\"2025-11-18T10:41:42+00:00\",\"dateModified\":\"2025-11-18T10:53:59+00:00\",\"breadcrumb\":{\"@id\":\"https:\/\/webra.pl\/gadzety\/polityka-cookies\/#breadcrumb\"},\"inLanguage\":\"pl-PL\",\"potentialAction\":[{\"@type\":\"ReadAction\",\"target\":[\"https:\/\/webra.pl\/gadzety\/polityka-cookies\/\"]}]},{\"@type\":\"BreadcrumbList\",\"@id\":\"https:\/\/webra.pl\/gadzety\/polityka-cookies\/#breadcrumb\",\"itemListElement\":[{\"@type\":\"ListItem\",\"position\":1,\"name\":\"Strona g\u0142\u00f3wna\",\"item\":\"https:\/\/webra.pl\/gadzety\/\"},{\"@type\":\"ListItem\",\"position\":2,\"name\":\"Polityka cookies\"}]},{\"@type\":\"WebSite\",\"@id\":\"https:\/\/webra.pl\/gadzety\/#website\",\"url\":\"https:\/\/webra.pl\/gadzety\/\",\"name\":\"Webra\",\"description\":\"Us\u0142ugi marketingowe\",\"potentialAction\":[{\"@type\":\"SearchAction\",\"target\":{\"@type\":\"EntryPoint\",\"urlTemplate\":\"https:\/\/webra.pl\/gadzety\/?s={search_term_string}\"},\"query-input\":{\"@type\":\"PropertyValueSpecification\",\"valueRequired\":true,\"valueName\":\"search_term_string\"}}],\"inLanguage\":\"pl-PL\"}]}<\/script>\n<!-- \/ Yoast SEO plugin. -->","yoast_head_json":{"title":"Polityka cookies - Webra","robots":{"index":"index","follow":"follow","max-snippet":"max-snippet:-1","max-image-preview":"max-image-preview:large","max-video-preview":"max-video-preview:-1"},"canonical":"https:\/\/webra.pl\/gadzety\/polityka-cookies\/","og_locale":"pl_PL","og_type":"article","og_title":"Polityka cookies - Webra","og_description":"[et_pb_section fb_built=&#8221;1&#8243; _builder_version=&#8221;4.6.6&#8243; _module_preset=&#8221;default&#8221;][et_pb_row _builder_version=&#8221;4.6.6&#8243; _module_preset=&#8221;default&#8221;][et_pb_column type=&#8221;4_4&#8243; _builder_version=&#8221;4.6.6&#8243; _module_preset=&#8221;default&#8221;][et_pb_text _builder_version=&#8221;4.6.6&#8243; _module_preset=&#8221;default&#8221; hover_enabled=&#8221;0&#8243; sticky_enabled=&#8221;0&#8243;]Pliki Cookies 1. W celu prawid\u0142owego dzia\u0142ania Strony, Us\u0142ugodawca korzysta z plik\u00f3w cookies (\u201eCookies\u201d). Cookies s\u0105 informacjami tekstowymi zapisywanymi na urz\u0105dzeniu Us\u0142ugobiorcy, kt\u00f3re mog\u0105 by\u0107 odczytywane przez system teleinformatyczny Strony lub systemy teleinformatyczne podmiot\u00f3w trzecich. 2. Us\u0142ugodawca wykorzystuje dwa rodzaje Cookies: (a) sesyjne, [&hellip;]","og_url":"https:\/\/webra.pl\/gadzety\/polityka-cookies\/","og_site_name":"Webra","article_modified_time":"2025-11-18T10:53:59+00:00","twitter_card":"summary_large_image","twitter_misc":{"Szacowany czas czytania":"2 minuty"},"schema":{"@context":"https:\/\/schema.org","@graph":[{"@type":"WebPage","@id":"https:\/\/webra.pl\/gadzety\/polityka-cookies\/","url":"https:\/\/webra.pl\/gadzety\/polityka-cookies\/","name":"Polityka cookies - Webra","isPartOf":{"@id":"https:\/\/webra.pl\/gadzety\/#website"},"datePublished":"2025-11-18T10:41:42+00:00","dateModified":"2025-11-18T10:53:59+00:00","breadcrumb":{"@id":"https:\/\/webra.pl\/gadzety\/polityka-cookies\/#breadcrumb"},"inLanguage":"pl-PL","potentialAction":[{"@type":"ReadAction","target":["https:\/\/webra.pl\/gadzety\/polityka-cookies\/"]}]},{"@type":"BreadcrumbList","@id":"https:\/\/webra.pl\/gadzety\/polityka-cookies\/#breadcrumb","itemListElement":[{"@type":"ListItem","position":1,"name":"Strona g\u0142\u00f3wna","item":"https:\/\/webra.pl\/gadzety\/"},{"@type":"ListItem","position":2,"name":"Polityka cookies"}]},{"@type":"WebSite","@id":"https:\/\/webra.pl\/gadzety\/#website","url":"https:\/\/webra.pl\/gadzety\/","name":"Webra","description":"Us\u0142ugi marketingowe","potentialAction":[{"@type":"SearchAction","target":{"@type":"EntryPoint","urlTemplate":"https:\/\/webra.pl\/gadzety\/?s={search_term_string}"},"query-input":{"@type":"PropertyValueSpecification","valueRequired":true,"valueName":"search_term_string"}}],"inLanguage":"pl-PL"}]}},"_links":{"self":[{"href":"https:\/\/webra.pl\/gadzety\/wp-json\/wp\/v2\/pages\/752","targetHints":{"allow":["GET"]}}],"collection":[{"href":"https:\/\/webra.pl\/gadzety\/wp-json\/wp\/v2\/pages"}],"about":[{"href":"https:\/\/webra.pl\/gadzety\/wp-json\/wp\/v2\/types\/page"}],"author":[{"embeddable":true,"href":"https:\/\/webra.pl\/gadzety\/wp-json\/wp\/v2\/users\/1"}],"replies":[{"embeddable":true,"href":"https:\/\/webra.pl\/gadzety\/wp-json\/wp\/v2\/comments?post=752"}],"version-history":[{"count":2,"href":"https:\/\/webra.pl\/gadzety\/wp-json\/wp\/v2\/pages\/752\/revisions"}],"predecessor-version":[{"id":754,"href":"https:\/\/webra.pl\/gadzety\/wp-json\/wp\/v2\/pages\/752\/revisions\/754"}],"wp:attachment":[{"href":"https:\/\/webra.pl\/gadzety\/wp-json\/wp\/v2\/media?parent=752"}],"curies":[{"name":"wp","href":"https:\/\/api.w.org\/{rel}","templated":true}]}}