{"id":539,"date":"2022-04-02T17:41:43","date_gmt":"2022-04-02T15:41:43","guid":{"rendered":"https:\/\/webra.pl\/gadzety\/?page_id=539"},"modified":"2022-04-02T17:42:01","modified_gmt":"2022-04-02T15:42:01","slug":"polityka-prywatnosci-2","status":"publish","type":"page","link":"https:\/\/webra.pl\/gadzety\/polityka-prywatnosci-2\/","title":{"rendered":"Polityka prywatno\u015bci"},"content":{"rendered":"<p>[et_pb_section fb_built=&#8221;1&#8243; _builder_version=&#8221;4.6.6&#8243; _module_preset=&#8221;default&#8221;][et_pb_row _builder_version=&#8221;4.6.6&#8243; _module_preset=&#8221;default&#8221;][et_pb_column _builder_version=&#8221;4.6.6&#8243; _module_preset=&#8221;default&#8221; type=&#8221;4_4&#8243;][et_pb_text _builder_version=&#8221;4.6.6&#8243; _module_preset=&#8221;default&#8221; hover_enabled=&#8221;0&#8243; sticky_enabled=&#8221;0&#8243;]<\/p>\n<p><strong>Polityka prywatno\u015bci <\/strong><\/p>\n<p>&nbsp;<\/p>\n<p>Polityka prywatno\u015bci serwisu www.webra.pl<\/p>\n<ol>\n<li>Informacje og&oacute;lne<br \/>Niniejsza Polityka Prywatno\u015bci okre\u015bla zasady przetwarzania i ochrony danych osobowych przekazanych przez U\u017cytkownik&oacute;w w zwi\u0105zku z korzystaniem przez nich us\u0142ug <a href=\"http:\/\/www.webra.pl\">www.webra.pl<\/a> poprzez Serwis.<\/li>\n<li>Administratorem danych osobowych zawartych w serwisie jest Webra Business Marketing Jacek Wojtachnio z siedzib\u0105 w Kielcach, NIP: 959&nbsp;192 79 91.REGON: 387548732<\/li>\n<li>W trosce o bezpiecze\u0144stwo powierzonych nam danych opracowali\u015bmy wewn\u0119trzne procedury i zalecenia, kt&oacute;re maj\u0105 zapobiec udost\u0119pnieniu danych osobom nieupowa\u017cnionym. Kontrolujemy ich wykonywanie i stale sprawdzamy ich zgodno\u015b\u0107 z odpowiednimi aktami prawnymi &#8211; ustaw\u0105 o ochronie danych osobowych, ustaw\u0105 o \u015bwiadczeniu us\u0142ug drog\u0105 elektroniczn\u0105, a tak\u017ce wszelkiego rodzaju aktach wykonawczych i aktach prawa wsp&oacute;lnotowego.<\/li>\n<li>Dane Osobowe przetwarzane s\u0105 na podstawie zgody wyra\u017canej przez U\u017cytkownika oraz w przypadkach, w kt&oacute;rych przepisy prawa upowa\u017cniaj\u0105 Administratora do przetwarzania danych osobowych na podstawie przepis&oacute;w prawa lub w celu realizacji zawartej pomi\u0119dzy stronami umowy.<\/li>\n<li>Serwis realizuje funkcje pozyskiwania informacji o u\u017cytkownikach i ich zachowaniach w nast\u0119puj\u0105cy spos&oacute;b:<\/li>\n<li>poprzez dobrowolnie wprowadzone w formularzach informacje<\/li>\n<li>poprzez gromadzenie plik&oacute;w &ldquo;cookies&rdquo;<\/li>\n<li>Serwis zbiera informacje dobrowolnie podane przez u\u017cytkownika.<\/li>\n<li>dane podane w formularzu s\u0105 przetwarzane w celu wynikaj\u0105cym z funkcji konkretnego formularza np. w celu dokonania procesu obs\u0142ugi kontaktu informacyjnego<\/li>\n<li>Dane osobowe pozostawione w serwisie nie zostan\u0105 sprzedane ani udost\u0119pnione osobom trzecim, zgodnie z przepisami Ustawy o ochronie danych osobowych.<\/li>\n<li>Do danych zawartych w formularzu przys\u0142uguje wgl\u0105d osobie fizycznej, kt&oacute;ra je tam umie\u015bci\u0142a. Osoba ta ma r&oacute;wnie\u017c praw do modyfikacji i zaprzestania przetwarzania swoich danych w dowolnym momencie.<\/li>\n<li>Zastrzegamy sobie prawo do zmiany w polityce ochrony prywatno\u015bci serwisu, na kt&oacute;re mo\u017ce wp\u0142yn\u0105\u0107 rozw&oacute;j technologii internetowej, ewentualne zmiany prawa w zakresie ochrony danych osobowych oraz rozw&oacute;j naszego serwisu internetowego. O wszelkich zmianach b\u0119dziemy informowa\u0107 w spos&oacute;b widoczny i zrozumia\u0142y.<\/li>\n<li>W Serwisie mog\u0105 pojawia\u0107 si\u0119 linki do innych stron internetowych. Takie strony internetowe dzia\u0142aj\u0105 niezale\u017cnie od Serwisu i nie s\u0105 w \u017caden spos&oacute;b nadzorowane przez serwis www.webra.pl. Strony te mog\u0105 posiada\u0107 w\u0142asne polityki dotycz\u0105ce prywatno\u015bci oraz regulaminy, z kt&oacute;rymi zalecamy si\u0119 zapozna\u0107.<\/li>\n<\/ol>\n<p>W razie w\u0105tpliwo\u015bci co kt&oacute;regokolwiek z zapis&oacute;w niniejszej polityki prywatno\u015bci jeste\u015bmy do dyspozycji &#8211; nasze dane znale\u017a\u0107 mo\u017cna w zak\u0142adce &#8211; KONTAKT.<\/p>\n<p>[\/et_pb_text][\/et_pb_column][\/et_pb_row][\/et_pb_section]<\/p>\n","protected":false},"excerpt":{"rendered":"<p>[et_pb_section fb_built=&#8221;1&#8243; _builder_version=&#8221;4.6.6&#8243; _module_preset=&#8221;default&#8221;][et_pb_row _builder_version=&#8221;4.6.6&#8243; _module_preset=&#8221;default&#8221;][et_pb_column _builder_version=&#8221;4.6.6&#8243; _module_preset=&#8221;default&#8221; type=&#8221;4_4&#8243;][et_pb_text _builder_version=&#8221;4.6.6&#8243; _module_preset=&#8221;default&#8221; hover_enabled=&#8221;0&#8243; sticky_enabled=&#8221;0&#8243;] Polityka prywatno\u015bci &nbsp; Polityka prywatno\u015bci serwisu www.webra.pl Informacje og&oacute;lneNiniejsza Polityka Prywatno\u015bci okre\u015bla zasady przetwarzania i ochrony danych osobowych przekazanych przez U\u017cytkownik&oacute;w w zwi\u0105zku z korzystaniem przez nich us\u0142ug www.webra.pl poprzez Serwis. Administratorem danych osobowych zawartych w serwisie jest Webra Business Marketing Jacek [&hellip;]<\/p>\n","protected":false},"author":1,"featured_media":0,"parent":0,"menu_order":0,"comment_status":"closed","ping_status":"closed","template":"","meta":{"_et_pb_use_builder":"on","_et_pb_old_content":"","_et_gb_content_width":"","inline_featured_image":false,"footnotes":""},"class_list":["post-539","page","type-page","status-publish","hentry"],"yoast_head":"<!-- This site is optimized with the Yoast SEO plugin v26.3 - https:\/\/yoast.com\/wordpress\/plugins\/seo\/ -->\n<title>Polityka prywatno\u015bci - Webra<\/title>\n<meta name=\"robots\" content=\"index, follow, max-snippet:-1, max-image-preview:large, max-video-preview:-1\" \/>\n<link rel=\"canonical\" href=\"https:\/\/webra.pl\/gadzety\/polityka-prywatnosci-2\/\" \/>\n<meta property=\"og:locale\" content=\"pl_PL\" \/>\n<meta property=\"og:type\" content=\"article\" \/>\n<meta property=\"og:title\" content=\"Polityka prywatno\u015bci - Webra\" \/>\n<meta property=\"og:description\" content=\"[et_pb_section fb_built=&#8221;1&#8243; _builder_version=&#8221;4.6.6&#8243; _module_preset=&#8221;default&#8221;][et_pb_row _builder_version=&#8221;4.6.6&#8243; _module_preset=&#8221;default&#8221;][et_pb_column _builder_version=&#8221;4.6.6&#8243; _module_preset=&#8221;default&#8221; type=&#8221;4_4&#8243;][et_pb_text _builder_version=&#8221;4.6.6&#8243; _module_preset=&#8221;default&#8221; hover_enabled=&#8221;0&#8243; sticky_enabled=&#8221;0&#8243;] Polityka prywatno\u015bci &nbsp; Polityka prywatno\u015bci serwisu www.webra.pl Informacje og&oacute;lneNiniejsza Polityka Prywatno\u015bci okre\u015bla zasady przetwarzania i ochrony danych osobowych przekazanych przez U\u017cytkownik&oacute;w w zwi\u0105zku z korzystaniem przez nich us\u0142ug www.webra.pl poprzez Serwis. Administratorem danych osobowych zawartych w serwisie jest Webra Business Marketing Jacek [&hellip;]\" \/>\n<meta property=\"og:url\" content=\"https:\/\/webra.pl\/gadzety\/polityka-prywatnosci-2\/\" \/>\n<meta property=\"og:site_name\" content=\"Webra\" \/>\n<meta property=\"article:modified_time\" content=\"2022-04-02T15:42:01+00:00\" \/>\n<meta name=\"twitter:card\" content=\"summary_large_image\" \/>\n<meta name=\"twitter:label1\" content=\"Szacowany czas czytania\" \/>\n\t<meta name=\"twitter:data1\" content=\"2 minuty\" \/>\n<script type=\"application\/ld+json\" class=\"yoast-schema-graph\">{\"@context\":\"https:\/\/schema.org\",\"@graph\":[{\"@type\":\"WebPage\",\"@id\":\"https:\/\/webra.pl\/gadzety\/polityka-prywatnosci-2\/\",\"url\":\"https:\/\/webra.pl\/gadzety\/polityka-prywatnosci-2\/\",\"name\":\"Polityka prywatno\u015bci - Webra\",\"isPartOf\":{\"@id\":\"https:\/\/webra.pl\/gadzety\/#website\"},\"datePublished\":\"2022-04-02T15:41:43+00:00\",\"dateModified\":\"2022-04-02T15:42:01+00:00\",\"breadcrumb\":{\"@id\":\"https:\/\/webra.pl\/gadzety\/polityka-prywatnosci-2\/#breadcrumb\"},\"inLanguage\":\"pl-PL\",\"potentialAction\":[{\"@type\":\"ReadAction\",\"target\":[\"https:\/\/webra.pl\/gadzety\/polityka-prywatnosci-2\/\"]}]},{\"@type\":\"BreadcrumbList\",\"@id\":\"https:\/\/webra.pl\/gadzety\/polityka-prywatnosci-2\/#breadcrumb\",\"itemListElement\":[{\"@type\":\"ListItem\",\"position\":1,\"name\":\"Strona g\u0142\u00f3wna\",\"item\":\"https:\/\/webra.pl\/gadzety\/\"},{\"@type\":\"ListItem\",\"position\":2,\"name\":\"Polityka prywatno\u015bci\"}]},{\"@type\":\"WebSite\",\"@id\":\"https:\/\/webra.pl\/gadzety\/#website\",\"url\":\"https:\/\/webra.pl\/gadzety\/\",\"name\":\"Webra\",\"description\":\"Us\u0142ugi marketingowe\",\"potentialAction\":[{\"@type\":\"SearchAction\",\"target\":{\"@type\":\"EntryPoint\",\"urlTemplate\":\"https:\/\/webra.pl\/gadzety\/?s={search_term_string}\"},\"query-input\":{\"@type\":\"PropertyValueSpecification\",\"valueRequired\":true,\"valueName\":\"search_term_string\"}}],\"inLanguage\":\"pl-PL\"}]}<\/script>\n<!-- \/ Yoast SEO plugin. -->","yoast_head_json":{"title":"Polityka prywatno\u015bci - Webra","robots":{"index":"index","follow":"follow","max-snippet":"max-snippet:-1","max-image-preview":"max-image-preview:large","max-video-preview":"max-video-preview:-1"},"canonical":"https:\/\/webra.pl\/gadzety\/polityka-prywatnosci-2\/","og_locale":"pl_PL","og_type":"article","og_title":"Polityka prywatno\u015bci - Webra","og_description":"[et_pb_section fb_built=&#8221;1&#8243; _builder_version=&#8221;4.6.6&#8243; _module_preset=&#8221;default&#8221;][et_pb_row _builder_version=&#8221;4.6.6&#8243; _module_preset=&#8221;default&#8221;][et_pb_column _builder_version=&#8221;4.6.6&#8243; _module_preset=&#8221;default&#8221; type=&#8221;4_4&#8243;][et_pb_text _builder_version=&#8221;4.6.6&#8243; _module_preset=&#8221;default&#8221; hover_enabled=&#8221;0&#8243; sticky_enabled=&#8221;0&#8243;] Polityka prywatno\u015bci &nbsp; Polityka prywatno\u015bci serwisu www.webra.pl Informacje og&oacute;lneNiniejsza Polityka Prywatno\u015bci okre\u015bla zasady przetwarzania i ochrony danych osobowych przekazanych przez U\u017cytkownik&oacute;w w zwi\u0105zku z korzystaniem przez nich us\u0142ug www.webra.pl poprzez Serwis. Administratorem danych osobowych zawartych w serwisie jest Webra Business Marketing Jacek [&hellip;]","og_url":"https:\/\/webra.pl\/gadzety\/polityka-prywatnosci-2\/","og_site_name":"Webra","article_modified_time":"2022-04-02T15:42:01+00:00","twitter_card":"summary_large_image","twitter_misc":{"Szacowany czas czytania":"2 minuty"},"schema":{"@context":"https:\/\/schema.org","@graph":[{"@type":"WebPage","@id":"https:\/\/webra.pl\/gadzety\/polityka-prywatnosci-2\/","url":"https:\/\/webra.pl\/gadzety\/polityka-prywatnosci-2\/","name":"Polityka prywatno\u015bci - Webra","isPartOf":{"@id":"https:\/\/webra.pl\/gadzety\/#website"},"datePublished":"2022-04-02T15:41:43+00:00","dateModified":"2022-04-02T15:42:01+00:00","breadcrumb":{"@id":"https:\/\/webra.pl\/gadzety\/polityka-prywatnosci-2\/#breadcrumb"},"inLanguage":"pl-PL","potentialAction":[{"@type":"ReadAction","target":["https:\/\/webra.pl\/gadzety\/polityka-prywatnosci-2\/"]}]},{"@type":"BreadcrumbList","@id":"https:\/\/webra.pl\/gadzety\/polityka-prywatnosci-2\/#breadcrumb","itemListElement":[{"@type":"ListItem","position":1,"name":"Strona g\u0142\u00f3wna","item":"https:\/\/webra.pl\/gadzety\/"},{"@type":"ListItem","position":2,"name":"Polityka prywatno\u015bci"}]},{"@type":"WebSite","@id":"https:\/\/webra.pl\/gadzety\/#website","url":"https:\/\/webra.pl\/gadzety\/","name":"Webra","description":"Us\u0142ugi marketingowe","potentialAction":[{"@type":"SearchAction","target":{"@type":"EntryPoint","urlTemplate":"https:\/\/webra.pl\/gadzety\/?s={search_term_string}"},"query-input":{"@type":"PropertyValueSpecification","valueRequired":true,"valueName":"search_term_string"}}],"inLanguage":"pl-PL"}]}},"_links":{"self":[{"href":"https:\/\/webra.pl\/gadzety\/wp-json\/wp\/v2\/pages\/539","targetHints":{"allow":["GET"]}}],"collection":[{"href":"https:\/\/webra.pl\/gadzety\/wp-json\/wp\/v2\/pages"}],"about":[{"href":"https:\/\/webra.pl\/gadzety\/wp-json\/wp\/v2\/types\/page"}],"author":[{"embeddable":true,"href":"https:\/\/webra.pl\/gadzety\/wp-json\/wp\/v2\/users\/1"}],"replies":[{"embeddable":true,"href":"https:\/\/webra.pl\/gadzety\/wp-json\/wp\/v2\/comments?post=539"}],"version-history":[{"count":2,"href":"https:\/\/webra.pl\/gadzety\/wp-json\/wp\/v2\/pages\/539\/revisions"}],"predecessor-version":[{"id":541,"href":"https:\/\/webra.pl\/gadzety\/wp-json\/wp\/v2\/pages\/539\/revisions\/541"}],"wp:attachment":[{"href":"https:\/\/webra.pl\/gadzety\/wp-json\/wp\/v2\/media?parent=539"}],"curies":[{"name":"wp","href":"https:\/\/api.w.org\/{rel}","templated":true}]}}