{"id":221,"date":"2020-11-30T09:40:44","date_gmt":"2020-11-30T08:40:44","guid":{"rendered":"https:\/\/webra.pl\/gadzety\/?page_id=221"},"modified":"2026-01-19T12:52:17","modified_gmt":"2026-01-19T11:52:17","slug":"kontakt","status":"publish","type":"page","link":"https:\/\/webra.pl\/gadzety\/kontakt\/","title":{"rendered":"Kontakt"},"content":{"rendered":"<p>[et_pb_section fb_built=&#8221;1&#8243; _builder_version=&#8221;4.6.6&#8243; _module_preset=&#8221;default&#8221; background_color=&#8221;#Fff&#8221; background_image=&#8221;https:\/\/webra.pl\/gadzety\/wp-content\/uploads\/2020\/10\/footer.svg&#8221; custom_padding=&#8221;85px||86px|||&#8221;][et_pb_row _builder_version=&#8221;4.6.6&#8243; _module_preset=&#8221;default&#8221;][et_pb_column type=&#8221;4_4&#8243; _builder_version=&#8221;4.6.6&#8243; _module_preset=&#8221;default&#8221;][et_pb_text _builder_version=&#8221;4.6.6&#8243; _module_preset=&#8221;default&#8221; text_font=&#8221;Montserrat||||||||&#8221; text_text_color=&#8221;#000000&#8243; text_font_size=&#8221;21px&#8221; header_font=&#8221;Montserrat|700|||||||&#8221; header_text_color=&#8221;#000000&#8243; header_font_size=&#8221;46px&#8221;]<\/p>\n<h1>Kontakt<\/h1>\n<p>[\/et_pb_text][\/et_pb_column][\/et_pb_row][\/et_pb_section][et_pb_section fb_built=&#8221;1&#8243; _builder_version=&#8221;4.6.6&#8243; _module_preset=&#8221;default&#8221;][et_pb_row column_structure=&#8221;1_2,1_2&#8243; _builder_version=&#8221;4.6.6&#8243; _module_preset=&#8221;default&#8221;][et_pb_column type=&#8221;1_2&#8243; _builder_version=&#8221;4.6.6&#8243; _module_preset=&#8221;default&#8221;][et_pb_team_member name=&#8221;Jacek Wojtachnio&#8221; position=&#8221;W\u0142a\u015bciciel&#8221; image_url=&#8221;https:\/\/webra.pl\/gadzety\/wp-content\/uploads\/2024\/01\/jacek.jpg&#8221; _builder_version=&#8221;4.6.6&#8243; _module_preset=&#8221;default&#8221; header_font=&#8221;|700|||||||&#8221; header_font_size=&#8221;24px&#8221; body_font_size=&#8221;25px&#8221; body_line_height=&#8221;1.5em&#8221; text_orientation=&#8221;center&#8221; custom_css_member_image=&#8221;margin: 0 auto 20px;||max-width: 110px;&#8221; border_radii_image=&#8221;on|50%|50%|50%|50%&#8221;]<\/p>\n<p><a href=\"tel:+48 606 788 218\">Tel: 606 788 218<\/a><br \/> <a href=\"mailto:jacek.wojtachnio@webra.pl\">E-mail: jacek.wojtachnio@webra.pl<\/a><\/p>\n<p>[\/et_pb_team_member][\/et_pb_column][et_pb_column type=&#8221;1_2&#8243; _builder_version=&#8221;4.6.6&#8243; _module_preset=&#8221;default&#8221;][et_pb_team_member name=&#8221;Wojciech Wojtachnio&#8221; position=&#8221;Specjalista ds. Marketingu&#8221; image_url=&#8221;https:\/\/webra.pl\/gadzety\/wp-content\/uploads\/2024\/01\/wojtek.jpg&#8221; _builder_version=&#8221;4.6.6&#8243; _module_preset=&#8221;default&#8221; header_font=&#8221;|700|||||||&#8221; header_font_size=&#8221;24px&#8221; body_font_size=&#8221;25px&#8221; body_line_height=&#8221;1.5em&#8221; text_orientation=&#8221;center&#8221; custom_css_member_image=&#8221;margin: 0 auto 20px;||max-width: 110px;&#8221; border_radii_image=&#8221;on|50%|50%|50%|50%&#8221; locked=&#8221;off&#8221;]<\/p>\n<p><a href=\"tel:+48 606 788 218\">Tel: 692 292 255<\/a><br \/> <a href=\"mailto:wojciech.wojtachnio@webra.pl\">E-mail: wojciech.wojtachnio@webra.pl<\/a><\/p>\n<p>[\/et_pb_team_member][\/et_pb_column][\/et_pb_row][et_pb_row column_structure=&#8221;1_2,1_2&#8243; _builder_version=&#8221;4.6.6&#8243; _module_preset=&#8221;default&#8221; locked=&#8221;off&#8221;][et_pb_column type=&#8221;1_2&#8243; _builder_version=&#8221;4.6.6&#8243; _module_preset=&#8221;default&#8221;][et_pb_team_member name=&#8221;Mateusz Skiba&#8221; position=&#8221;Grafik&#8221; image_url=&#8221;https:\/\/webra.pl\/gadzety\/wp-content\/uploads\/2025\/11\/mateusz_skiba-1.png&#8221; _builder_version=&#8221;4.6.6&#8243; _module_preset=&#8221;default&#8221; header_font=&#8221;|700|||||||&#8221; header_font_size=&#8221;24px&#8221; body_font_size=&#8221;25px&#8221; body_line_height=&#8221;1.5em&#8221; text_orientation=&#8221;center&#8221; custom_css_member_image=&#8221;margin: 0 auto 20px;||max-width: 110px;&#8221; border_radii_image=&#8221;on|50%|50%|50%|50%&#8221; locked=&#8221;off&#8221;]<a href=\"tel:+48 505 086 196\">Tel: 505 086 196<\/a><br \/>\n<a href=\"mailto:matusz.skiba@webra.pl\">E-mail: matusz.skiba@webra.pl<\/a>[\/et_pb_team_member][\/et_pb_column][et_pb_column type=&#8221;1_2&#8243; _builder_version=&#8221;4.6.6&#8243; _module_preset=&#8221;default&#8221;][et_pb_team_member name=&#8221;Klaudia Polak-Grzybowska&#8221; position=&#8221;Grafik&#8221; image_url=&#8221;https:\/\/webra.pl\/gadzety\/wp-content\/uploads\/2025\/11\/klaudia.jpg&#8221; _builder_version=&#8221;4.6.6&#8243; _module_preset=&#8221;default&#8221; header_font=&#8221;|700|||||||&#8221; header_font_size=&#8221;24px&#8221; body_font_size=&#8221;25px&#8221; body_line_height=&#8221;1.5em&#8221; text_orientation=&#8221;center&#8221; custom_padding=&#8221;||1px|||&#8221; custom_css_member_image=&#8221;margin: 0 auto 20px;||max-width: 110px;&#8221; border_radii_image=&#8221;on|50%|50%|50%|50%&#8221; locked=&#8221;off&#8221;]<\/p>\n<p><a href=\"tel:+48 660 594 281\">Tel: 660 594 281<\/a><br \/> <a href=\"mailto:klaudia.polak@webra.pl\">E-mail: klaudia.polak@webra.pl<\/a><\/p>\n<p>[\/et_pb_team_member][\/et_pb_column][\/et_pb_row][et_pb_row column_structure=&#8221;1_2,1_2&#8243; _builder_version=&#8221;4.6.6&#8243; _module_preset=&#8221;default&#8221; locked=&#8221;off&#8221;][et_pb_column type=&#8221;1_2&#8243; _builder_version=&#8221;4.6.6&#8243; _module_preset=&#8221;default&#8221;][et_pb_team_member name=&#8221;Przemys\u0142aw Tafli\u0144ski&#8221; position=&#8221;Programista&#8221; image_url=&#8221;https:\/\/webra.pl\/gadzety\/wp-content\/uploads\/2025\/09\/520249728_24063572046618797_5221677704487126615_n.jpg&#8221; _builder_version=&#8221;4.6.6&#8243; _module_preset=&#8221;default&#8221; header_font=&#8221;|700|||||||&#8221; header_font_size=&#8221;24px&#8221; body_font_size=&#8221;25px&#8221; body_line_height=&#8221;1.5em&#8221; text_orientation=&#8221;center&#8221; custom_css_member_image=&#8221;margin: 0 auto 20px;||max-width: 110px;&#8221; border_radii_image=&#8221;on|50%|50%|50%|50%&#8221; locked=&#8221;off&#8221;]<a href=\"tel:+48 609 166 236\">Tel: 609 166 236<\/a><br \/>\n<a href=\"mailto:przemek.taflinski@webra.pl\">E-mail: przemek.taflinski@webra.pl<\/a>[\/et_pb_team_member][\/et_pb_column][et_pb_column type=&#8221;1_2&#8243; _builder_version=&#8221;4.6.6&#8243; _module_preset=&#8221;default&#8221;][et_pb_team_member name=&#8221;Natalia Kulczuga&#8221; position=&#8221;Praktykantka &#8221; image_url=&#8221;https:\/\/webra.pl\/gadzety\/wp-content\/uploads\/2026\/01\/natalia.png&#8221; _builder_version=&#8221;4.6.6&#8243; _module_preset=&#8221;default&#8221; header_font=&#8221;|700|||||||&#8221; header_font_size=&#8221;24px&#8221; body_font_size=&#8221;25px&#8221; body_line_height=&#8221;1.5em&#8221; text_orientation=&#8221;center&#8221; hover_enabled=&#8221;0&#8243; custom_css_member_image=&#8221;margin: 0 auto 20px;||max-width: 110px;&#8221; border_radii_image=&#8221;on|50%|50%|50%|50%&#8221; locked=&#8221;off&#8221; title_text=&#8221;natalia&#8221; sticky_enabled=&#8221;0&#8243;]<a href=\"tel:+48 515770607 \">Tel: 515 770 607 <\/a><br \/>\n<a href=\"mailto:natalia.kulczuga@webra.pl\">E-mail: natalia.kulczuga@webra.pl<\/a>[\/et_pb_team_member][\/et_pb_column][\/et_pb_row][et_pb_row _builder_version=&#8221;4.6.6&#8243; _module_preset=&#8221;default&#8221; custom_padding=&#8221;44px||47px|||&#8221; locked=&#8221;off&#8221;][et_pb_column type=&#8221;4_4&#8243; _builder_version=&#8221;4.6.6&#8243; _module_preset=&#8221;default&#8221;][et_pb_text _builder_version=&#8221;4.6.6&#8243; _module_preset=&#8221;default&#8221; header_2_font=&#8221;Montserrat|700|||||||&#8221; header_2_text_color=&#8221;#000000&#8243;]<\/p>\n<h2 style=\"text-align: center;\">ul. Batalion\u00f3w Ch\u0142opskich 167<\/h2>\n<h2 style=\"text-align: center;\">25-671 Kielce<\/h2>\n<p>[\/et_pb_text][\/et_pb_column][\/et_pb_row][et_pb_row _builder_version=&#8221;4.6.6&#8243; _module_preset=&#8221;default&#8221;][et_pb_column type=&#8221;4_4&#8243; _builder_version=&#8221;4.6.6&#8243; _module_preset=&#8221;default&#8221;][et_pb_text _builder_version=&#8221;4.6.6&#8243; _module_preset=&#8221;default&#8221; header_font=&#8221;Montserrat|700|||||||&#8221; header_text_color=&#8221;#000000&#8243;]<\/p>\n<h1 style=\"text-align: center;\">Napisz do nas!<\/h1>\n<p>[\/et_pb_text][\/et_pb_column][\/et_pb_row][et_pb_row _builder_version=&#8221;4.6.6&#8243; _module_preset=&#8221;default&#8221; max_width=&#8221;1200px&#8221;][et_pb_column type=&#8221;4_4&#8243; _builder_version=&#8221;4.6.6&#8243; _module_preset=&#8221;default&#8221;][et_pb_contact_form captcha=&#8221;off&#8221; email=&#8221;jacek.wojtachnio@webra.pl&#8221; custom_message=&#8221;Imi\u0119 i nazwisko: %%Name%%||et_pb_line_break_holder||Email: %%email%%||et_pb_line_break_holder||Wiadomo\u015b\u0107: %%Message%%&#8221; _builder_version=&#8221;4.6.6&#8243; _module_preset=&#8221;default&#8221; form_field_background_color=&#8221;#F9F8F8&#8243; form_field_text_color=&#8221;#000000&#8243; form_field_font=&#8221;Montserrat||||||||&#8221; custom_button=&#8221;on&#8221; button_text_size=&#8221;18px&#8221; button_text_color=&#8221;#ffffff&#8221; button_bg_use_color_gradient=&#8221;on&#8221; button_bg_color_gradient_start=&#8221;#00B09B&#8221; button_bg_color_gradient_end=&#8221;#96C93D&#8221; button_bg_color_gradient_direction=&#8221;58deg&#8221; button_border_width=&#8221;0px&#8221; button_border_radius=&#8221;17px&#8221; border_radii=&#8221;on|18px|18px|18px|18px&#8221;][et_pb_contact_field field_id=&#8221;Name&#8221; field_title=&#8221;IMI\u0118 I NAZWISKO&#8221; _builder_version=&#8221;4.6.6&#8243; form_field_background_color=&#8221;#F9F8F8&#8243; button_text_size__hover_enabled=&#8221;off&#8221; button_one_text_size__hover_enabled=&#8221;off&#8221; button_two_text_size__hover_enabled=&#8221;off&#8221; button_text_color__hover_enabled=&#8221;off&#8221; button_one_text_color__hover_enabled=&#8221;off&#8221; button_two_text_color__hover_enabled=&#8221;off&#8221; button_border_width__hover_enabled=&#8221;off&#8221; button_one_border_width__hover_enabled=&#8221;off&#8221; button_two_border_width__hover_enabled=&#8221;off&#8221; button_border_color__hover_enabled=&#8221;off&#8221; button_one_border_color__hover_enabled=&#8221;off&#8221; button_two_border_color__hover_enabled=&#8221;off&#8221; button_border_radius__hover_enabled=&#8221;off&#8221; button_one_border_radius__hover_enabled=&#8221;off&#8221; button_two_border_radius__hover_enabled=&#8221;off&#8221; button_letter_spacing__hover_enabled=&#8221;off&#8221; button_one_letter_spacing__hover_enabled=&#8221;off&#8221; button_two_letter_spacing__hover_enabled=&#8221;off&#8221; button_bg_color__hover_enabled=&#8221;off&#8221; button_one_bg_color__hover_enabled=&#8221;off&#8221; button_two_bg_color__hover_enabled=&#8221;off&#8221;][\/et_pb_contact_field][et_pb_contact_field field_id=&#8221;email&#8221; field_title=&#8221;E-MAIL&#8221; field_type=&#8221;email&#8221; _builder_version=&#8221;4.6.6&#8243; button_text_size__hover_enabled=&#8221;off&#8221; button_one_text_size__hover_enabled=&#8221;off&#8221; button_two_text_size__hover_enabled=&#8221;off&#8221; button_text_color__hover_enabled=&#8221;off&#8221; button_one_text_color__hover_enabled=&#8221;off&#8221; button_two_text_color__hover_enabled=&#8221;off&#8221; button_border_width__hover_enabled=&#8221;off&#8221; button_one_border_width__hover_enabled=&#8221;off&#8221; button_two_border_width__hover_enabled=&#8221;off&#8221; button_border_color__hover_enabled=&#8221;off&#8221; button_one_border_color__hover_enabled=&#8221;off&#8221; button_two_border_color__hover_enabled=&#8221;off&#8221; button_border_radius__hover_enabled=&#8221;off&#8221; button_one_border_radius__hover_enabled=&#8221;off&#8221; button_two_border_radius__hover_enabled=&#8221;off&#8221; button_letter_spacing__hover_enabled=&#8221;off&#8221; button_one_letter_spacing__hover_enabled=&#8221;off&#8221; button_two_letter_spacing__hover_enabled=&#8221;off&#8221; button_bg_color__hover_enabled=&#8221;off&#8221; button_one_bg_color__hover_enabled=&#8221;off&#8221; button_two_bg_color__hover_enabled=&#8221;off&#8221;][\/et_pb_contact_field][et_pb_contact_field field_id=&#8221;Message&#8221; field_title=&#8221;TWOJA WIADOMO\u015a\u0106&#8221; field_type=&#8221;text&#8221; fullwidth_field=&#8221;on&#8221; _builder_version=&#8221;4.6.6&#8243; button_text_size__hover_enabled=&#8221;off&#8221; button_one_text_size__hover_enabled=&#8221;off&#8221; button_two_text_size__hover_enabled=&#8221;off&#8221; button_text_color__hover_enabled=&#8221;off&#8221; button_one_text_color__hover_enabled=&#8221;off&#8221; button_two_text_color__hover_enabled=&#8221;off&#8221; button_border_width__hover_enabled=&#8221;off&#8221; button_one_border_width__hover_enabled=&#8221;off&#8221; button_two_border_width__hover_enabled=&#8221;off&#8221; button_border_color__hover_enabled=&#8221;off&#8221; button_one_border_color__hover_enabled=&#8221;off&#8221; button_two_border_color__hover_enabled=&#8221;off&#8221; button_border_radius__hover_enabled=&#8221;off&#8221; button_one_border_radius__hover_enabled=&#8221;off&#8221; button_two_border_radius__hover_enabled=&#8221;off&#8221; button_letter_spacing__hover_enabled=&#8221;off&#8221; button_one_letter_spacing__hover_enabled=&#8221;off&#8221; button_two_letter_spacing__hover_enabled=&#8221;off&#8221; button_bg_color__hover_enabled=&#8221;off&#8221; button_one_bg_color__hover_enabled=&#8221;off&#8221; button_two_bg_color__hover_enabled=&#8221;off&#8221;][\/et_pb_contact_field][et_pb_contact_field field_id=&#8221;Field_4_2_2&#8243; field_title=&#8221; &#8221; field_type=&#8221;checkbox&#8221; checkbox_options=&#8221;%91{%22value%22:%22Wyra\u017cam zgod\u0119 na przetwarzanie moich danych osobowych zgodnie z Polityk\u0105 Prywatno\u015bci w celu obs\u0142ugi mojego zapytania.%22,%22checked%22:0,%22dragID%22:-1}%93&#8243; fullwidth_field=&#8221;on&#8221; _builder_version=&#8221;4.6.6&#8243; _module_preset=&#8221;default&#8221;][\/et_pb_contact_field][et_pb_contact_field field_id=&#8221;Field_4_2&#8243; field_title=&#8221; &#8221; field_type=&#8221;checkbox&#8221; checkbox_options=&#8221;%91{%22value%22:%22Zgadzam si\u0119 na otrzymywanie informacji handlowych i marketingowych drog\u0105 elektroniczn\u0105 na podany adres e-mail zgodnie z Polityk\u0105 Prywatno\u015bci.%22,%22checked%22:0,%22dragID%22:-1}%93&#8243; fullwidth_field=&#8221;on&#8221; _builder_version=&#8221;4.6.6&#8243; _module_preset=&#8221;default&#8221;][\/et_pb_contact_field][et_pb_contact_field field_id=&#8221;Field_4&#8243; field_title=&#8221; &#8221; field_type=&#8221;checkbox&#8221; checkbox_options=&#8221;%91{%22value%22:%22 Wyra\u017cam zgod\u0119 na kontakt telefoniczny w celach marketingowych na podany numer telefonu. ( opcjonlne )%22,%22checked%22:0,%22dragID%22:-1}%93&#8243; required_mark=&#8221;off&#8221; fullwidth_field=&#8221;on&#8221; _builder_version=&#8221;4.6.6&#8243; _module_preset=&#8221;default&#8221;][\/et_pb_contact_field][\/et_pb_contact_form][\/et_pb_column][\/et_pb_row][\/et_pb_section]<\/p>\n","protected":false},"excerpt":{"rendered":"<p>[et_pb_section fb_built=&#8221;1&#8243; _builder_version=&#8221;4.6.6&#8243; _module_preset=&#8221;default&#8221; background_color=&#8221;#Fff&#8221; background_image=&#8221;https:\/\/webra.pl\/gadzety\/wp-content\/uploads\/2020\/10\/footer.svg&#8221; custom_padding=&#8221;85px||86px|||&#8221;][et_pb_row _builder_version=&#8221;4.6.6&#8243; _module_preset=&#8221;default&#8221;][et_pb_column type=&#8221;4_4&#8243; _builder_version=&#8221;4.6.6&#8243; _module_preset=&#8221;default&#8221;][et_pb_text _builder_version=&#8221;4.6.6&#8243; _module_preset=&#8221;default&#8221; text_font=&#8221;Montserrat||||||||&#8221; text_text_color=&#8221;#000000&#8243; text_font_size=&#8221;21px&#8221; header_font=&#8221;Montserrat|700|||||||&#8221; header_text_color=&#8221;#000000&#8243; header_font_size=&#8221;46px&#8221;] Kontakt [\/et_pb_text][\/et_pb_column][\/et_pb_row][\/et_pb_section][et_pb_section fb_built=&#8221;1&#8243; _builder_version=&#8221;4.6.6&#8243; _module_preset=&#8221;default&#8221;][et_pb_row column_structure=&#8221;1_2,1_2&#8243; _builder_version=&#8221;4.6.6&#8243; _module_preset=&#8221;default&#8221;][et_pb_column type=&#8221;1_2&#8243; _builder_version=&#8221;4.6.6&#8243; _module_preset=&#8221;default&#8221;][et_pb_team_member name=&#8221;Jacek Wojtachnio&#8221; position=&#8221;W\u0142a\u015bciciel&#8221; image_url=&#8221;https:\/\/webra.pl\/gadzety\/wp-content\/uploads\/2024\/01\/jacek.jpg&#8221; _builder_version=&#8221;4.6.6&#8243; _module_preset=&#8221;default&#8221; header_font=&#8221;|700|||||||&#8221; header_font_size=&#8221;24px&#8221; body_font_size=&#8221;25px&#8221; body_line_height=&#8221;1.5em&#8221; text_orientation=&#8221;center&#8221; custom_css_member_image=&#8221;margin: 0 auto 20px;||max-width: 110px;&#8221; border_radii_image=&#8221;on|50%|50%|50%|50%&#8221;] Tel: 606 788 218 E-mail: jacek.wojtachnio@webra.pl [\/et_pb_team_member][\/et_pb_column][et_pb_column [&hellip;]<\/p>\n","protected":false},"author":1,"featured_media":0,"parent":0,"menu_order":0,"comment_status":"closed","ping_status":"closed","template":"","meta":{"_et_pb_use_builder":"on","_et_pb_old_content":"","_et_gb_content_width":"","inline_featured_image":false,"footnotes":""},"class_list":["post-221","page","type-page","status-publish","hentry"],"yoast_head":"<!-- This site is optimized with the Yoast SEO plugin v26.3 - https:\/\/yoast.com\/wordpress\/plugins\/seo\/ -->\n<title>Kontakt - Webra<\/title>\n<meta name=\"robots\" content=\"index, follow, max-snippet:-1, max-image-preview:large, max-video-preview:-1\" \/>\n<link rel=\"canonical\" href=\"https:\/\/webra.pl\/gadzety\/kontakt\/\" \/>\n<meta property=\"og:locale\" content=\"pl_PL\" \/>\n<meta property=\"og:type\" content=\"article\" \/>\n<meta property=\"og:title\" content=\"Kontakt - Webra\" \/>\n<meta property=\"og:description\" content=\"[et_pb_section fb_built=&#8221;1&#8243; _builder_version=&#8221;4.6.6&#8243; _module_preset=&#8221;default&#8221; background_color=&#8221;#Fff&#8221; background_image=&#8221;https:\/\/webra.pl\/gadzety\/wp-content\/uploads\/2020\/10\/footer.svg&#8221; custom_padding=&#8221;85px||86px|||&#8221;][et_pb_row _builder_version=&#8221;4.6.6&#8243; _module_preset=&#8221;default&#8221;][et_pb_column type=&#8221;4_4&#8243; _builder_version=&#8221;4.6.6&#8243; _module_preset=&#8221;default&#8221;][et_pb_text _builder_version=&#8221;4.6.6&#8243; _module_preset=&#8221;default&#8221; text_font=&#8221;Montserrat||||||||&#8221; text_text_color=&#8221;#000000&#8243; text_font_size=&#8221;21px&#8221; header_font=&#8221;Montserrat|700|||||||&#8221; header_text_color=&#8221;#000000&#8243; header_font_size=&#8221;46px&#8221;] Kontakt [\/et_pb_text][\/et_pb_column][\/et_pb_row][\/et_pb_section][et_pb_section fb_built=&#8221;1&#8243; _builder_version=&#8221;4.6.6&#8243; _module_preset=&#8221;default&#8221;][et_pb_row column_structure=&#8221;1_2,1_2&#8243; _builder_version=&#8221;4.6.6&#8243; _module_preset=&#8221;default&#8221;][et_pb_column type=&#8221;1_2&#8243; _builder_version=&#8221;4.6.6&#8243; _module_preset=&#8221;default&#8221;][et_pb_team_member name=&#8221;Jacek Wojtachnio&#8221; position=&#8221;W\u0142a\u015bciciel&#8221; image_url=&#8221;https:\/\/webra.pl\/gadzety\/wp-content\/uploads\/2024\/01\/jacek.jpg&#8221; _builder_version=&#8221;4.6.6&#8243; _module_preset=&#8221;default&#8221; header_font=&#8221;|700|||||||&#8221; header_font_size=&#8221;24px&#8221; body_font_size=&#8221;25px&#8221; body_line_height=&#8221;1.5em&#8221; text_orientation=&#8221;center&#8221; custom_css_member_image=&#8221;margin: 0 auto 20px;||max-width: 110px;&#8221; border_radii_image=&#8221;on|50%|50%|50%|50%&#8221;] Tel: 606 788 218 E-mail: jacek.wojtachnio@webra.pl [\/et_pb_team_member][\/et_pb_column][et_pb_column [&hellip;]\" \/>\n<meta property=\"og:url\" content=\"https:\/\/webra.pl\/gadzety\/kontakt\/\" \/>\n<meta property=\"og:site_name\" content=\"Webra\" \/>\n<meta property=\"article:modified_time\" content=\"2026-01-19T11:52:17+00:00\" \/>\n<meta name=\"twitter:card\" content=\"summary_large_image\" \/>\n<meta name=\"twitter:label1\" content=\"Szacowany czas czytania\" \/>\n\t<meta name=\"twitter:data1\" content=\"7 minut\" \/>\n<script type=\"application\/ld+json\" class=\"yoast-schema-graph\">{\"@context\":\"https:\/\/schema.org\",\"@graph\":[{\"@type\":\"WebPage\",\"@id\":\"https:\/\/webra.pl\/gadzety\/kontakt\/\",\"url\":\"https:\/\/webra.pl\/gadzety\/kontakt\/\",\"name\":\"Kontakt - Webra\",\"isPartOf\":{\"@id\":\"https:\/\/webra.pl\/gadzety\/#website\"},\"datePublished\":\"2020-11-30T08:40:44+00:00\",\"dateModified\":\"2026-01-19T11:52:17+00:00\",\"breadcrumb\":{\"@id\":\"https:\/\/webra.pl\/gadzety\/kontakt\/#breadcrumb\"},\"inLanguage\":\"pl-PL\",\"potentialAction\":[{\"@type\":\"ReadAction\",\"target\":[\"https:\/\/webra.pl\/gadzety\/kontakt\/\"]}]},{\"@type\":\"BreadcrumbList\",\"@id\":\"https:\/\/webra.pl\/gadzety\/kontakt\/#breadcrumb\",\"itemListElement\":[{\"@type\":\"ListItem\",\"position\":1,\"name\":\"Strona g\u0142\u00f3wna\",\"item\":\"https:\/\/webra.pl\/gadzety\/\"},{\"@type\":\"ListItem\",\"position\":2,\"name\":\"Kontakt\"}]},{\"@type\":\"WebSite\",\"@id\":\"https:\/\/webra.pl\/gadzety\/#website\",\"url\":\"https:\/\/webra.pl\/gadzety\/\",\"name\":\"Webra\",\"description\":\"Us\u0142ugi marketingowe\",\"potentialAction\":[{\"@type\":\"SearchAction\",\"target\":{\"@type\":\"EntryPoint\",\"urlTemplate\":\"https:\/\/webra.pl\/gadzety\/?s={search_term_string}\"},\"query-input\":{\"@type\":\"PropertyValueSpecification\",\"valueRequired\":true,\"valueName\":\"search_term_string\"}}],\"inLanguage\":\"pl-PL\"}]}<\/script>\n<!-- \/ Yoast SEO plugin. -->","yoast_head_json":{"title":"Kontakt - Webra","robots":{"index":"index","follow":"follow","max-snippet":"max-snippet:-1","max-image-preview":"max-image-preview:large","max-video-preview":"max-video-preview:-1"},"canonical":"https:\/\/webra.pl\/gadzety\/kontakt\/","og_locale":"pl_PL","og_type":"article","og_title":"Kontakt - Webra","og_description":"[et_pb_section fb_built=&#8221;1&#8243; _builder_version=&#8221;4.6.6&#8243; _module_preset=&#8221;default&#8221; background_color=&#8221;#Fff&#8221; background_image=&#8221;https:\/\/webra.pl\/gadzety\/wp-content\/uploads\/2020\/10\/footer.svg&#8221; custom_padding=&#8221;85px||86px|||&#8221;][et_pb_row _builder_version=&#8221;4.6.6&#8243; _module_preset=&#8221;default&#8221;][et_pb_column type=&#8221;4_4&#8243; _builder_version=&#8221;4.6.6&#8243; _module_preset=&#8221;default&#8221;][et_pb_text _builder_version=&#8221;4.6.6&#8243; _module_preset=&#8221;default&#8221; text_font=&#8221;Montserrat||||||||&#8221; text_text_color=&#8221;#000000&#8243; text_font_size=&#8221;21px&#8221; header_font=&#8221;Montserrat|700|||||||&#8221; header_text_color=&#8221;#000000&#8243; header_font_size=&#8221;46px&#8221;] Kontakt [\/et_pb_text][\/et_pb_column][\/et_pb_row][\/et_pb_section][et_pb_section fb_built=&#8221;1&#8243; _builder_version=&#8221;4.6.6&#8243; _module_preset=&#8221;default&#8221;][et_pb_row column_structure=&#8221;1_2,1_2&#8243; _builder_version=&#8221;4.6.6&#8243; _module_preset=&#8221;default&#8221;][et_pb_column type=&#8221;1_2&#8243; _builder_version=&#8221;4.6.6&#8243; _module_preset=&#8221;default&#8221;][et_pb_team_member name=&#8221;Jacek Wojtachnio&#8221; position=&#8221;W\u0142a\u015bciciel&#8221; image_url=&#8221;https:\/\/webra.pl\/gadzety\/wp-content\/uploads\/2024\/01\/jacek.jpg&#8221; _builder_version=&#8221;4.6.6&#8243; _module_preset=&#8221;default&#8221; header_font=&#8221;|700|||||||&#8221; header_font_size=&#8221;24px&#8221; body_font_size=&#8221;25px&#8221; body_line_height=&#8221;1.5em&#8221; text_orientation=&#8221;center&#8221; custom_css_member_image=&#8221;margin: 0 auto 20px;||max-width: 110px;&#8221; border_radii_image=&#8221;on|50%|50%|50%|50%&#8221;] Tel: 606 788 218 E-mail: jacek.wojtachnio@webra.pl [\/et_pb_team_member][\/et_pb_column][et_pb_column [&hellip;]","og_url":"https:\/\/webra.pl\/gadzety\/kontakt\/","og_site_name":"Webra","article_modified_time":"2026-01-19T11:52:17+00:00","twitter_card":"summary_large_image","twitter_misc":{"Szacowany czas czytania":"7 minut"},"schema":{"@context":"https:\/\/schema.org","@graph":[{"@type":"WebPage","@id":"https:\/\/webra.pl\/gadzety\/kontakt\/","url":"https:\/\/webra.pl\/gadzety\/kontakt\/","name":"Kontakt - Webra","isPartOf":{"@id":"https:\/\/webra.pl\/gadzety\/#website"},"datePublished":"2020-11-30T08:40:44+00:00","dateModified":"2026-01-19T11:52:17+00:00","breadcrumb":{"@id":"https:\/\/webra.pl\/gadzety\/kontakt\/#breadcrumb"},"inLanguage":"pl-PL","potentialAction":[{"@type":"ReadAction","target":["https:\/\/webra.pl\/gadzety\/kontakt\/"]}]},{"@type":"BreadcrumbList","@id":"https:\/\/webra.pl\/gadzety\/kontakt\/#breadcrumb","itemListElement":[{"@type":"ListItem","position":1,"name":"Strona g\u0142\u00f3wna","item":"https:\/\/webra.pl\/gadzety\/"},{"@type":"ListItem","position":2,"name":"Kontakt"}]},{"@type":"WebSite","@id":"https:\/\/webra.pl\/gadzety\/#website","url":"https:\/\/webra.pl\/gadzety\/","name":"Webra","description":"Us\u0142ugi marketingowe","potentialAction":[{"@type":"SearchAction","target":{"@type":"EntryPoint","urlTemplate":"https:\/\/webra.pl\/gadzety\/?s={search_term_string}"},"query-input":{"@type":"PropertyValueSpecification","valueRequired":true,"valueName":"search_term_string"}}],"inLanguage":"pl-PL"}]}},"_links":{"self":[{"href":"https:\/\/webra.pl\/gadzety\/wp-json\/wp\/v2\/pages\/221","targetHints":{"allow":["GET"]}}],"collection":[{"href":"https:\/\/webra.pl\/gadzety\/wp-json\/wp\/v2\/pages"}],"about":[{"href":"https:\/\/webra.pl\/gadzety\/wp-json\/wp\/v2\/types\/page"}],"author":[{"embeddable":true,"href":"https:\/\/webra.pl\/gadzety\/wp-json\/wp\/v2\/users\/1"}],"replies":[{"embeddable":true,"href":"https:\/\/webra.pl\/gadzety\/wp-json\/wp\/v2\/comments?post=221"}],"version-history":[{"count":29,"href":"https:\/\/webra.pl\/gadzety\/wp-json\/wp\/v2\/pages\/221\/revisions"}],"predecessor-version":[{"id":765,"href":"https:\/\/webra.pl\/gadzety\/wp-json\/wp\/v2\/pages\/221\/revisions\/765"}],"wp:attachment":[{"href":"https:\/\/webra.pl\/gadzety\/wp-json\/wp\/v2\/media?parent=221"}],"curies":[{"name":"wp","href":"https:\/\/api.w.org\/{rel}","templated":true}]}}